{"id":428,"date":"2021-03-02T17:03:35","date_gmt":"2021-03-02T16:03:35","guid":{"rendered":"https:\/\/busteile-nord.de\/?page_id=428"},"modified":"2021-11-15T12:33:01","modified_gmt":"2021-11-15T11:33:01","slug":"about","status":"publish","type":"page","link":"https:\/\/moeller-scholz-gbr.de\/en\/about\/","title":{"rendered":"ABOUT"},"content":{"rendered":"\t\t<div data-elementor-type=\"wp-page\" data-elementor-id=\"428\" class=\"elementor elementor-428\">\n\t\t\t\t\t\t<section class=\"elementor-section elementor-top-section elementor-element elementor-element-64c84ab elementor-section-boxed elementor-section-height-default elementor-section-height-default default-style\" data-id=\"64c84ab\" data-element_type=\"section\" data-e-type=\"section\" data-settings=\"{&quot;background_background&quot;:&quot;classic&quot;,&quot;rt_color_sets&quot;:&quot;default-style&quot;}\">\n\t\t\t\t\t\t<div class=\"elementor-container elementor-column-gap-default\">\n\t\t\t\t\t<div class=\"elementor-column elementor-col-100 elementor-top-column elementor-element elementor-element-3460934\" data-id=\"3460934\" data-element_type=\"column\" data-e-type=\"column\" data-settings=\"{&quot;background_background&quot;:&quot;classic&quot;}\">\n\t\t\t<div class=\"elementor-widget-wrap elementor-element-populated\">\n\t\t\t\t\t\t<div class=\"elementor-element elementor-element-9f56559 elementor-widget elementor-widget-spacer\" data-id=\"9f56559\" data-element_type=\"widget\" data-e-type=\"widget\" data-widget_type=\"spacer.default\">\n\t\t\t\t<div class=\"elementor-widget-container\">\n\t\t\t\t\t\t\t<div class=\"elementor-spacer\">\n\t\t\t<div class=\"elementor-spacer-inner\"><\/div>\n\t\t<\/div>\n\t\t\t\t\t\t<\/div>\n\t\t\t\t<\/div>\n\t\t\t\t<div class=\"elementor-element elementor-element-0ba0734 elementor-widget elementor-widget-heading\" data-id=\"0ba0734\" data-element_type=\"widget\" data-e-type=\"widget\" data-widget_type=\"heading.default\">\n\t\t\t\t<div class=\"elementor-widget-container\">\n\t\t\t\t\t<h2 class=\"elementor-heading-title elementor-size-default\">ABOUT US<\/h2>\t\t\t\t<\/div>\n\t\t\t\t<\/div>\n\t\t\t\t<div class=\"elementor-element elementor-element-1a054f1 elementor-widget elementor-widget-heading\" data-id=\"1a054f1\" data-element_type=\"widget\" data-e-type=\"widget\" data-widget_type=\"heading.default\">\n\t\t\t\t<div class=\"elementor-widget-container\">\n\t\t\t\t\t<h3 class=\"elementor-heading-title elementor-size-default\">M\u00f6ller-Scholz GbR<\/h3>\t\t\t\t<\/div>\n\t\t\t\t<\/div>\n\t\t\t\t<div class=\"elementor-element elementor-element-70523cc elementor-widget elementor-widget-spacer\" data-id=\"70523cc\" data-element_type=\"widget\" data-e-type=\"widget\" data-widget_type=\"spacer.default\">\n\t\t\t\t<div class=\"elementor-widget-container\">\n\t\t\t\t\t\t\t<div class=\"elementor-spacer\">\n\t\t\t<div class=\"elementor-spacer-inner\"><\/div>\n\t\t<\/div>\n\t\t\t\t\t\t<\/div>\n\t\t\t\t<\/div>\n\t\t\t\t\t<\/div>\n\t\t<\/div>\n\t\t\t\t\t<\/div>\n\t\t<\/section>\n\t\t\t\t<section class=\"elementor-section elementor-top-section elementor-element elementor-element-ec7d6b0 elementor-section-boxed elementor-section-height-default elementor-section-height-default default-style\" data-id=\"ec7d6b0\" data-element_type=\"section\" data-e-type=\"section\" data-settings=\"{&quot;rt_color_sets&quot;:&quot;default-style&quot;}\">\n\t\t\t\t\t\t<div class=\"elementor-container elementor-column-gap-default\">\n\t\t\t\t\t<div class=\"elementor-column elementor-col-100 elementor-top-column elementor-element elementor-element-971fc6c\" data-id=\"971fc6c\" data-element_type=\"column\" data-e-type=\"column\">\n\t\t\t<div class=\"elementor-widget-wrap elementor-element-populated\">\n\t\t\t\t\t\t<div class=\"elementor-element elementor-element-6ae6ca2 elementor-widget elementor-widget-spacer\" data-id=\"6ae6ca2\" data-element_type=\"widget\" data-e-type=\"widget\" data-widget_type=\"spacer.default\">\n\t\t\t\t<div class=\"elementor-widget-container\">\n\t\t\t\t\t\t\t<div class=\"elementor-spacer\">\n\t\t\t<div class=\"elementor-spacer-inner\"><\/div>\n\t\t<\/div>\n\t\t\t\t\t\t<\/div>\n\t\t\t\t<\/div>\n\t\t\t\t\t<\/div>\n\t\t<\/div>\n\t\t\t\t\t<\/div>\n\t\t<\/section>\n\t\t\t\t<section class=\"elementor-section elementor-top-section elementor-element elementor-element-5f7eba9 elementor-section-boxed elementor-section-height-default elementor-section-height-default default-style\" data-id=\"5f7eba9\" data-element_type=\"section\" data-e-type=\"section\" data-settings=\"{&quot;rt_color_sets&quot;:&quot;default-style&quot;}\">\n\t\t\t\t\t\t<div class=\"elementor-container elementor-column-gap-wide\">\n\t\t\t\t\t<div class=\"elementor-column elementor-col-100 elementor-top-column elementor-element elementor-element-5885544\" data-id=\"5885544\" data-element_type=\"column\" data-e-type=\"column\">\n\t\t\t<div class=\"elementor-widget-wrap elementor-element-populated\">\n\t\t\t\t\t\t<div class=\"elementor-element elementor-element-98d9f28 elementor-widget elementor-widget-heading\" data-id=\"98d9f28\" data-element_type=\"widget\" data-e-type=\"widget\" data-widget_type=\"heading.default\">\n\t\t\t\t<div class=\"elementor-widget-container\">\n\t\t\t\t\t<h2 class=\"elementor-heading-title elementor-size-default\">Jan M\u00f6ller &amp; Hendrick Scholz<\/h2>\t\t\t\t<\/div>\n\t\t\t\t<\/div>\n\t\t\t\t<div class=\"elementor-element elementor-element-2349c58 elementor-widget elementor-widget-heading\" data-id=\"2349c58\" data-element_type=\"widget\" data-e-type=\"widget\" data-widget_type=\"heading.default\">\n\t\t\t\t<div class=\"elementor-widget-container\">\n\t\t\t\t\t<h3 class=\"elementor-heading-title elementor-size-default\">Childhood friends - reliable, friendly, quality-conscious<\/h3>\t\t\t\t<\/div>\n\t\t\t\t<\/div>\n\t\t\t\t\t<\/div>\n\t\t<\/div>\n\t\t\t\t\t<\/div>\n\t\t<\/section>\n\t\t\t\t<section class=\"elementor-section elementor-top-section elementor-element elementor-element-8cc5b6e elementor-section-boxed elementor-section-height-default elementor-section-height-default default-style\" data-id=\"8cc5b6e\" data-element_type=\"section\" data-e-type=\"section\" data-settings=\"{&quot;rt_color_sets&quot;:&quot;default-style&quot;}\">\n\t\t\t\t\t\t<div class=\"elementor-container elementor-column-gap-wide\">\n\t\t\t\t\t<div class=\"elementor-column elementor-col-50 elementor-top-column elementor-element elementor-element-40ee9b4\" data-id=\"40ee9b4\" data-element_type=\"column\" data-e-type=\"column\">\n\t\t\t<div class=\"elementor-widget-wrap elementor-element-populated\">\n\t\t\t\t\t\t<div class=\"elementor-element elementor-element-3bb0fd6 elementor-widget elementor-widget-text-editor\" data-id=\"3bb0fd6\" data-element_type=\"widget\" data-e-type=\"widget\" data-widget_type=\"text-editor.default\">\n\t\t\t\t<div class=\"elementor-widget-container\">\n\t\t\t\t\t\t\t\t\t<p>Jan M\u00f6ller and Hendrick Scholz founded the &#8220;M\u00f6ller-Scholz GbR&#8221; in Bad Oldesloe in 2013 and since then have steadily expanded the trade in spare parts for buses and trucks.<\/p><p>The founders have known each other since childhood and grew up as good friends in the same place. Both have always been ambitious, goal-oriented and hard-working.<\/p><p>Before starting his own business, Jan M\u00f6ller completed a successful apprenticeship as a mechatronics technician and worked in this profession for several years. Hendrick Scholz holds a degree in industrial engineering.<\/p><p>One day it became clear to both of them that there was a great demand for spare parts and that they had the opportunity to dismantle buses and offer the parts. The plans quickly took shape, and so began &#8220;the slaughter of buses&#8221;. The range of spare parts became more and more diverse and larger, so that in 2014 a plot of land with a warehouse in Bad Oldesloe was purchased.<\/p><p>Since then, they have been convincing with their reliability, friendliness and quality.<\/p><p><a href=\"https:\/\/moeller-scholz-gbr.de\/en\/\">\u2190 HOME<\/a><\/p>\t\t\t\t\t\t\t\t<\/div>\n\t\t\t\t<\/div>\n\t\t\t\t\t<\/div>\n\t\t<\/div>\n\t\t\t\t<div class=\"elementor-column elementor-col-50 elementor-top-column elementor-element elementor-element-c80a620\" data-id=\"c80a620\" data-element_type=\"column\" data-e-type=\"column\">\n\t\t\t<div class=\"elementor-widget-wrap elementor-element-populated\">\n\t\t\t\t\t\t<div class=\"elementor-element elementor-element-67561a1 elementor-widget elementor-widget-image\" data-id=\"67561a1\" data-element_type=\"widget\" data-e-type=\"widget\" data-widget_type=\"image.default\">\n\t\t\t\t<div class=\"elementor-widget-container\">\n\t\t\t\t\t\t\t\t\t\t\t\t\t\t\t<img decoding=\"async\" src=\"https:\/\/moeller-scholz-gbr.de\/en\/wp-content\/uploads\/sites\/2\/elementor\/thumbs\/Jan-Moeller-Hendrick-Scholz-Freunde-seit-Kindertagen-e1616063239586-pg3f6mxfiny837qjk5xivdf7sxb7rutipgtq20smdq.jpg\" title=\"Jan Moeller, Hendrick Scholz &#8211; Freunde seit Kindertagen\" alt=\"Jan Moeller, Hendrick Scholz - Freunde seit Kindertagen\" loading=\"lazy\" \/>\t\t\t\t\t\t\t\t\t\t\t\t\t\t\t<\/div>\n\t\t\t\t<\/div>\n\t\t\t\t<div class=\"elementor-element elementor-element-242de36 elementor-widget elementor-widget-text-editor\" data-id=\"242de36\" data-element_type=\"widget\" data-e-type=\"widget\" data-widget_type=\"text-editor.default\">\n\t\t\t\t<div class=\"elementor-widget-container\">\n\t\t\t\t\t\t\t\t\t<p>Hendrick Scholz and Jan M\u00f6ller\u00a0<\/p>\t\t\t\t\t\t\t\t<\/div>\n\t\t\t\t<\/div>\n\t\t\t\t\t<\/div>\n\t\t<\/div>\n\t\t\t\t\t<\/div>\n\t\t<\/section>\n\t\t\t\t<section class=\"elementor-section elementor-top-section elementor-element elementor-element-d00ac59 elementor-section-boxed elementor-section-height-default elementor-section-height-default default-style\" data-id=\"d00ac59\" data-element_type=\"section\" data-e-type=\"section\" data-settings=\"{&quot;rt_color_sets&quot;:&quot;default-style&quot;}\">\n\t\t\t\t\t\t<div class=\"elementor-container elementor-column-gap-default\">\n\t\t\t\t\t<div class=\"elementor-column elementor-col-100 elementor-top-column elementor-element elementor-element-31bcc2e\" data-id=\"31bcc2e\" data-element_type=\"column\" data-e-type=\"column\">\n\t\t\t<div class=\"elementor-widget-wrap elementor-element-populated\">\n\t\t\t\t\t\t<div class=\"elementor-element elementor-element-b47c123 elementor-widget elementor-widget-spacer\" data-id=\"b47c123\" data-element_type=\"widget\" data-e-type=\"widget\" data-widget_type=\"spacer.default\">\n\t\t\t\t<div class=\"elementor-widget-container\">\n\t\t\t\t\t\t\t<div class=\"elementor-spacer\">\n\t\t\t<div class=\"elementor-spacer-inner\"><\/div>\n\t\t<\/div>\n\t\t\t\t\t\t<\/div>\n\t\t\t\t<\/div>\n\t\t\t\t\t<\/div>\n\t\t<\/div>\n\t\t\t\t\t<\/div>\n\t\t<\/section>\n\t\t\t\t<\/div>\n\t\t","protected":false},"excerpt":{"rendered":"<p>ABOUT US M\u00f6ller-Scholz GbR Jan M\u00f6ller &amp; Hendrick Scholz Childhood friends &#8211; reliable, friendly, quality-conscious Jan M\u00f6ller and Hendrick Scholz founded the &#8220;M\u00f6ller-Scholz GbR&#8221; in Bad Oldesloe in 2013 and since then have steadily expanded the trade in spare parts for buses and trucks. The founders have known each other since childhood and grew up [&hellip;]<\/p>\n","protected":false},"author":2,"featured_media":0,"parent":0,"menu_order":0,"comment_status":"closed","ping_status":"closed","template":"","meta":{"footnotes":""},"class_list":["post-428","page","type-page","status-publish","hentry"],"yoast_head":"<!-- This site is optimized with the Yoast SEO plugin v27.3 - https:\/\/yoast.com\/product\/yoast-seo-wordpress\/ -->\n<title>ABOUT US - Bus &amp; Truck Parts - Moeller-Scholz GbR<\/title>\n<meta name=\"description\" content=\"Jan M\u00f6ller &amp; Hendrick Scholz founded \u201cM\u00f6ller-Scholz GbR\u201d in 2013 and since then have steadily expanded the trade in parts for buses and trucks.\" \/>\n<meta name=\"robots\" content=\"index, follow, max-snippet:-1, max-image-preview:large, max-video-preview:-1\" \/>\n<link rel=\"canonical\" href=\"https:\/\/moeller-scholz-gbr.de\/en\/about\/\" \/>\n<meta property=\"og:locale\" content=\"en_GB\" \/>\n<meta property=\"og:type\" content=\"article\" \/>\n<meta property=\"og:title\" content=\"ABOUT US - Bus &amp; Truck Parts - Moeller-Scholz GbR\" \/>\n<meta property=\"og:description\" content=\"Jan M\u00f6ller &amp; Hendrick Scholz founded \u201cM\u00f6ller-Scholz GbR\u201d in 2013 and since then have steadily expanded the trade in parts for buses and trucks.\" \/>\n<meta property=\"og:url\" content=\"https:\/\/moeller-scholz-gbr.de\/en\/about\/\" \/>\n<meta property=\"og:site_name\" content=\"MOELLER SCHOLZ GBR | EN\" \/>\n<meta property=\"article:modified_time\" content=\"2021-11-15T11:33:01+00:00\" \/>\n<meta property=\"og:image\" content=\"https:\/\/moeller-scholz-gbr.de\/en\/wp-content\/uploads\/sites\/2\/elementor\/thumbs\/Jan-Moeller-Hendrick-Scholz-Freunde-seit-Kindertagen-e1616063239586-pg3f6mxfiny837qjk5xivdf7sxb7rutipgtq20sme0.jpg\" \/>\n<meta name=\"twitter:card\" content=\"summary_large_image\" \/>\n<meta name=\"twitter:label1\" content=\"Estimated reading time\" \/>\n\t<meta name=\"twitter:data1\" content=\"2 minutes\" \/>\n<script type=\"application\/ld+json\" class=\"yoast-schema-graph\">{\"@context\":\"https:\\\/\\\/schema.org\",\"@graph\":[{\"@type\":\"WebPage\",\"@id\":\"https:\\\/\\\/moeller-scholz-gbr.de\\\/en\\\/about\\\/\",\"url\":\"https:\\\/\\\/moeller-scholz-gbr.de\\\/en\\\/about\\\/\",\"name\":\"ABOUT US - Bus & Truck Parts - Moeller-Scholz GbR\",\"isPartOf\":{\"@id\":\"https:\\\/\\\/moeller-scholz-gbr.de\\\/en\\\/#website\"},\"primaryImageOfPage\":{\"@id\":\"https:\\\/\\\/moeller-scholz-gbr.de\\\/en\\\/about\\\/#primaryimage\"},\"image\":{\"@id\":\"https:\\\/\\\/moeller-scholz-gbr.de\\\/en\\\/about\\\/#primaryimage\"},\"thumbnailUrl\":\"https:\\\/\\\/moeller-scholz-gbr.de\\\/en\\\/wp-content\\\/uploads\\\/sites\\\/2\\\/elementor\\\/thumbs\\\/Jan-Moeller-Hendrick-Scholz-Freunde-seit-Kindertagen-e1616063239586-pg3f6mxfiny837qjk5xivdf7sxb7rutipgtq20sme0.jpg\",\"datePublished\":\"2021-03-02T16:03:35+00:00\",\"dateModified\":\"2021-11-15T11:33:01+00:00\",\"description\":\"Jan M\u00f6ller & Hendrick Scholz founded \u201cM\u00f6ller-Scholz GbR\u201d in 2013 and since then have steadily expanded the trade in parts for buses and trucks.\",\"breadcrumb\":{\"@id\":\"https:\\\/\\\/moeller-scholz-gbr.de\\\/en\\\/about\\\/#breadcrumb\"},\"inLanguage\":\"en-GB\",\"potentialAction\":[{\"@type\":\"ReadAction\",\"target\":[\"https:\\\/\\\/moeller-scholz-gbr.de\\\/en\\\/about\\\/\"]}]},{\"@type\":\"ImageObject\",\"inLanguage\":\"en-GB\",\"@id\":\"https:\\\/\\\/moeller-scholz-gbr.de\\\/en\\\/about\\\/#primaryimage\",\"url\":\"https:\\\/\\\/moeller-scholz-gbr.de\\\/en\\\/wp-content\\\/uploads\\\/sites\\\/2\\\/elementor\\\/thumbs\\\/Jan-Moeller-Hendrick-Scholz-Freunde-seit-Kindertagen-e1616063239586-pg3f6mxfiny837qjk5xivdf7sxb7rutipgtq20sme0.jpg\",\"contentUrl\":\"https:\\\/\\\/moeller-scholz-gbr.de\\\/en\\\/wp-content\\\/uploads\\\/sites\\\/2\\\/elementor\\\/thumbs\\\/Jan-Moeller-Hendrick-Scholz-Freunde-seit-Kindertagen-e1616063239586-pg3f6mxfiny837qjk5xivdf7sxb7rutipgtq20sme0.jpg\"},{\"@type\":\"BreadcrumbList\",\"@id\":\"https:\\\/\\\/moeller-scholz-gbr.de\\\/en\\\/about\\\/#breadcrumb\",\"itemListElement\":[{\"@type\":\"ListItem\",\"position\":1,\"name\":\"Startseite\",\"item\":\"https:\\\/\\\/moeller-scholz-gbr.de\\\/en\\\/\"},{\"@type\":\"ListItem\",\"position\":2,\"name\":\"ABOUT\"}]},{\"@type\":\"WebSite\",\"@id\":\"https:\\\/\\\/moeller-scholz-gbr.de\\\/en\\\/#website\",\"url\":\"https:\\\/\\\/moeller-scholz-gbr.de\\\/en\\\/\",\"name\":\"MOELLER SCHOLZ GBR | EN\",\"description\":\"Bus &amp; Truck Parts\",\"potentialAction\":[{\"@type\":\"SearchAction\",\"target\":{\"@type\":\"EntryPoint\",\"urlTemplate\":\"https:\\\/\\\/moeller-scholz-gbr.de\\\/en\\\/?s={search_term_string}\"},\"query-input\":{\"@type\":\"PropertyValueSpecification\",\"valueRequired\":true,\"valueName\":\"search_term_string\"}}],\"inLanguage\":\"en-GB\"}]}<\/script>\n<!-- \/ Yoast SEO plugin. -->","yoast_head_json":{"title":"ABOUT US - Bus & Truck Parts - Moeller-Scholz GbR","description":"Jan M\u00f6ller & Hendrick Scholz founded \u201cM\u00f6ller-Scholz GbR\u201d in 2013 and since then have steadily expanded the trade in parts for buses and trucks.","robots":{"index":"index","follow":"follow","max-snippet":"max-snippet:-1","max-image-preview":"max-image-preview:large","max-video-preview":"max-video-preview:-1"},"canonical":"https:\/\/moeller-scholz-gbr.de\/en\/about\/","og_locale":"en_GB","og_type":"article","og_title":"ABOUT US - Bus & Truck Parts - Moeller-Scholz GbR","og_description":"Jan M\u00f6ller & Hendrick Scholz founded \u201cM\u00f6ller-Scholz GbR\u201d in 2013 and since then have steadily expanded the trade in parts for buses and trucks.","og_url":"https:\/\/moeller-scholz-gbr.de\/en\/about\/","og_site_name":"MOELLER SCHOLZ GBR | EN","article_modified_time":"2021-11-15T11:33:01+00:00","og_image":[{"url":"https:\/\/moeller-scholz-gbr.de\/en\/wp-content\/uploads\/sites\/2\/elementor\/thumbs\/Jan-Moeller-Hendrick-Scholz-Freunde-seit-Kindertagen-e1616063239586-pg3f6mxfiny837qjk5xivdf7sxb7rutipgtq20sme0.jpg","type":"","width":"","height":""}],"twitter_card":"summary_large_image","twitter_misc":{"Estimated reading time":"2 minutes"},"schema":{"@context":"https:\/\/schema.org","@graph":[{"@type":"WebPage","@id":"https:\/\/moeller-scholz-gbr.de\/en\/about\/","url":"https:\/\/moeller-scholz-gbr.de\/en\/about\/","name":"ABOUT US - Bus & Truck Parts - Moeller-Scholz GbR","isPartOf":{"@id":"https:\/\/moeller-scholz-gbr.de\/en\/#website"},"primaryImageOfPage":{"@id":"https:\/\/moeller-scholz-gbr.de\/en\/about\/#primaryimage"},"image":{"@id":"https:\/\/moeller-scholz-gbr.de\/en\/about\/#primaryimage"},"thumbnailUrl":"https:\/\/moeller-scholz-gbr.de\/en\/wp-content\/uploads\/sites\/2\/elementor\/thumbs\/Jan-Moeller-Hendrick-Scholz-Freunde-seit-Kindertagen-e1616063239586-pg3f6mxfiny837qjk5xivdf7sxb7rutipgtq20sme0.jpg","datePublished":"2021-03-02T16:03:35+00:00","dateModified":"2021-11-15T11:33:01+00:00","description":"Jan M\u00f6ller & Hendrick Scholz founded \u201cM\u00f6ller-Scholz GbR\u201d in 2013 and since then have steadily expanded the trade in parts for buses and trucks.","breadcrumb":{"@id":"https:\/\/moeller-scholz-gbr.de\/en\/about\/#breadcrumb"},"inLanguage":"en-GB","potentialAction":[{"@type":"ReadAction","target":["https:\/\/moeller-scholz-gbr.de\/en\/about\/"]}]},{"@type":"ImageObject","inLanguage":"en-GB","@id":"https:\/\/moeller-scholz-gbr.de\/en\/about\/#primaryimage","url":"https:\/\/moeller-scholz-gbr.de\/en\/wp-content\/uploads\/sites\/2\/elementor\/thumbs\/Jan-Moeller-Hendrick-Scholz-Freunde-seit-Kindertagen-e1616063239586-pg3f6mxfiny837qjk5xivdf7sxb7rutipgtq20sme0.jpg","contentUrl":"https:\/\/moeller-scholz-gbr.de\/en\/wp-content\/uploads\/sites\/2\/elementor\/thumbs\/Jan-Moeller-Hendrick-Scholz-Freunde-seit-Kindertagen-e1616063239586-pg3f6mxfiny837qjk5xivdf7sxb7rutipgtq20sme0.jpg"},{"@type":"BreadcrumbList","@id":"https:\/\/moeller-scholz-gbr.de\/en\/about\/#breadcrumb","itemListElement":[{"@type":"ListItem","position":1,"name":"Startseite","item":"https:\/\/moeller-scholz-gbr.de\/en\/"},{"@type":"ListItem","position":2,"name":"ABOUT"}]},{"@type":"WebSite","@id":"https:\/\/moeller-scholz-gbr.de\/en\/#website","url":"https:\/\/moeller-scholz-gbr.de\/en\/","name":"MOELLER SCHOLZ GBR | EN","description":"Bus &amp; Truck Parts","potentialAction":[{"@type":"SearchAction","target":{"@type":"EntryPoint","urlTemplate":"https:\/\/moeller-scholz-gbr.de\/en\/?s={search_term_string}"},"query-input":{"@type":"PropertyValueSpecification","valueRequired":true,"valueName":"search_term_string"}}],"inLanguage":"en-GB"}]}},"_links":{"self":[{"href":"https:\/\/moeller-scholz-gbr.de\/en\/wp-json\/wp\/v2\/pages\/428","targetHints":{"allow":["GET"]}}],"collection":[{"href":"https:\/\/moeller-scholz-gbr.de\/en\/wp-json\/wp\/v2\/pages"}],"about":[{"href":"https:\/\/moeller-scholz-gbr.de\/en\/wp-json\/wp\/v2\/types\/page"}],"author":[{"embeddable":true,"href":"https:\/\/moeller-scholz-gbr.de\/en\/wp-json\/wp\/v2\/users\/2"}],"replies":[{"embeddable":true,"href":"https:\/\/moeller-scholz-gbr.de\/en\/wp-json\/wp\/v2\/comments?post=428"}],"version-history":[{"count":90,"href":"https:\/\/moeller-scholz-gbr.de\/en\/wp-json\/wp\/v2\/pages\/428\/revisions"}],"predecessor-version":[{"id":1979,"href":"https:\/\/moeller-scholz-gbr.de\/en\/wp-json\/wp\/v2\/pages\/428\/revisions\/1979"}],"wp:attachment":[{"href":"https:\/\/moeller-scholz-gbr.de\/en\/wp-json\/wp\/v2\/media?parent=428"}],"curies":[{"name":"wp","href":"https:\/\/api.w.org\/{rel}","templated":true}]}}