{"id":1722,"date":"2021-07-04T12:29:34","date_gmt":"2021-07-04T10:29:34","guid":{"rendered":"https:\/\/moeller-scholz-gbr.de\/es\/?page_id=1722"},"modified":"2021-11-18T13:32:40","modified_gmt":"2021-11-18T12:32:40","slug":"karosserieteile","status":"publish","type":"page","link":"https:\/\/moeller-scholz-gbr.de\/es\/ersatzteile\/karosserieteile\/","title":{"rendered":"PIEZAS DE CARROCERIA"},"content":{"rendered":"\t\t<div data-elementor-type=\"wp-page\" data-elementor-id=\"1722\" class=\"elementor elementor-1722\">\n\t\t\t\t\t\t<section class=\"elementor-section elementor-top-section elementor-element elementor-element-9a76361 elementor-section-boxed elementor-section-height-default elementor-section-height-default default-style\" data-id=\"9a76361\" data-element_type=\"section\" data-e-type=\"section\" data-settings=\"{&quot;background_background&quot;:&quot;classic&quot;,&quot;rt_color_sets&quot;:&quot;default-style&quot;}\">\n\t\t\t\t\t\t<div class=\"elementor-container elementor-column-gap-default\">\n\t\t\t\t\t<div class=\"elementor-column elementor-col-100 elementor-top-column elementor-element elementor-element-54316f7\" data-id=\"54316f7\" data-element_type=\"column\" data-e-type=\"column\" data-settings=\"{&quot;background_background&quot;:&quot;classic&quot;}\">\n\t\t\t<div class=\"elementor-widget-wrap elementor-element-populated\">\n\t\t\t\t\t\t<div class=\"elementor-element elementor-element-8033569 elementor-hidden-phone elementor-widget elementor-widget-spacer\" data-id=\"8033569\" data-element_type=\"widget\" data-e-type=\"widget\" data-widget_type=\"spacer.default\">\n\t\t\t\t<div class=\"elementor-widget-container\">\n\t\t\t\t\t\t\t<div class=\"elementor-spacer\">\n\t\t\t<div class=\"elementor-spacer-inner\"><\/div>\n\t\t<\/div>\n\t\t\t\t\t\t<\/div>\n\t\t\t\t<\/div>\n\t\t\t\t<div class=\"elementor-element elementor-element-45f0632 elementor-hidden-desktop elementor-hidden-tablet elementor-widget elementor-widget-spacer\" data-id=\"45f0632\" data-element_type=\"widget\" data-e-type=\"widget\" data-widget_type=\"spacer.default\">\n\t\t\t\t<div class=\"elementor-widget-container\">\n\t\t\t\t\t\t\t<div class=\"elementor-spacer\">\n\t\t\t<div class=\"elementor-spacer-inner\"><\/div>\n\t\t<\/div>\n\t\t\t\t\t\t<\/div>\n\t\t\t\t<\/div>\n\t\t\t\t<div class=\"elementor-element elementor-element-bc1090f elementor-widget elementor-widget-heading\" data-id=\"bc1090f\" data-element_type=\"widget\" data-e-type=\"widget\" data-widget_type=\"heading.default\">\n\t\t\t\t<div class=\"elementor-widget-container\">\n\t\t\t\t\t<h2 class=\"elementor-heading-title elementor-size-default\">PARTES DE CARROCERIA<br> USADAS PARA  AUTOBUSSES<\/h2>\t\t\t\t<\/div>\n\t\t\t\t<\/div>\n\t\t\t\t<div class=\"elementor-element elementor-element-3ceb698 elementor-widget elementor-widget-heading\" data-id=\"3ceb698\" data-element_type=\"widget\" data-e-type=\"widget\" data-widget_type=\"heading.default\">\n\t\t\t\t<div class=\"elementor-widget-container\">\n\t\t\t\t\t<h3 class=\"elementor-heading-title elementor-size-default\">\n<\/h3>\t\t\t\t<\/div>\n\t\t\t\t<\/div>\n\t\t\t\t<div class=\"elementor-element elementor-element-6b87f7d elementor-widget elementor-widget-spacer\" data-id=\"6b87f7d\" data-element_type=\"widget\" data-e-type=\"widget\" data-widget_type=\"spacer.default\">\n\t\t\t\t<div class=\"elementor-widget-container\">\n\t\t\t\t\t\t\t<div class=\"elementor-spacer\">\n\t\t\t<div class=\"elementor-spacer-inner\"><\/div>\n\t\t<\/div>\n\t\t\t\t\t\t<\/div>\n\t\t\t\t<\/div>\n\t\t\t\t\t<\/div>\n\t\t<\/div>\n\t\t\t\t\t<\/div>\n\t\t<\/section>\n\t\t\t\t<section class=\"elementor-section elementor-top-section elementor-element elementor-element-f8cb6c0 elementor-section-boxed elementor-section-height-default elementor-section-height-default default-style\" data-id=\"f8cb6c0\" data-element_type=\"section\" data-e-type=\"section\" data-settings=\"{&quot;rt_color_sets&quot;:&quot;default-style&quot;}\">\n\t\t\t\t\t\t<div class=\"elementor-container elementor-column-gap-default\">\n\t\t\t\t\t<div class=\"elementor-column elementor-col-100 elementor-top-column elementor-element elementor-element-3bbed41\" data-id=\"3bbed41\" data-element_type=\"column\" data-e-type=\"column\">\n\t\t\t<div class=\"elementor-widget-wrap elementor-element-populated\">\n\t\t\t\t\t\t<div class=\"elementor-element elementor-element-cb24e21 elementor-widget elementor-widget-spacer\" data-id=\"cb24e21\" data-element_type=\"widget\" data-e-type=\"widget\" data-widget_type=\"spacer.default\">\n\t\t\t\t<div class=\"elementor-widget-container\">\n\t\t\t\t\t\t\t<div class=\"elementor-spacer\">\n\t\t\t<div class=\"elementor-spacer-inner\"><\/div>\n\t\t<\/div>\n\t\t\t\t\t\t<\/div>\n\t\t\t\t<\/div>\n\t\t\t\t\t<\/div>\n\t\t<\/div>\n\t\t\t\t\t<\/div>\n\t\t<\/section>\n\t\t\t\t<section class=\"elementor-section elementor-top-section elementor-element elementor-element-46a2e72 elementor-section-boxed elementor-section-height-default elementor-section-height-default default-style\" data-id=\"46a2e72\" data-element_type=\"section\" data-e-type=\"section\" data-settings=\"{&quot;rt_color_sets&quot;:&quot;default-style&quot;}\">\n\t\t\t\t\t\t<div class=\"elementor-container elementor-column-gap-wide\">\n\t\t\t\t\t<div class=\"elementor-column elementor-col-100 elementor-top-column elementor-element elementor-element-fa01ad4\" data-id=\"fa01ad4\" data-element_type=\"column\" data-e-type=\"column\">\n\t\t\t<div class=\"elementor-widget-wrap elementor-element-populated\">\n\t\t\t\t\t\t<div class=\"elementor-element elementor-element-058dab7 elementor-widget elementor-widget-heading\" data-id=\"058dab7\" data-element_type=\"widget\" data-e-type=\"widget\" data-widget_type=\"heading.default\">\n\t\t\t\t<div class=\"elementor-widget-container\">\n\t\t\t\t\t<h2 class=\"elementor-heading-title elementor-size-default\">Partes de carrocer\u00eda usadas para autobuses<\/h2>\t\t\t\t<\/div>\n\t\t\t\t<\/div>\n\t\t\t\t<div class=\"elementor-element elementor-element-f858a80 elementor-widget elementor-widget-text-editor\" data-id=\"f858a80\" data-element_type=\"widget\" data-e-type=\"widget\" data-widget_type=\"text-editor.default\">\n\t\t\t\t<div class=\"elementor-widget-container\">\n\t\t\t\t\t\t\t\t\t<p>Ofrecemos varias piezas de repuesto usadas desde la carrocer\u00eda hasta el interior y ampliamos regularmente nuestro inventario. Aqu\u00ed solo podemos presentar algunos ejemplos. Pregunte por su pieza de repuesto por correo electr\u00f3nico o por tel\u00e9fono.<\/p>\t\t\t\t\t\t\t\t<\/div>\n\t\t\t\t<\/div>\n\t\t\t\t<div class=\"elementor-element elementor-element-f8ff422 elementor-align-left elementor-widget elementor-widget-button\" data-id=\"f8ff422\" data-element_type=\"widget\" data-e-type=\"widget\" data-widget_type=\"button.default\">\n\t\t\t\t<div class=\"elementor-widget-container\">\n\t\t\t\t\t\t\t\t\t<div class=\"elementor-button-wrapper\">\n\t\t\t\t\t<a class=\"elementor-button elementor-button-link elementor-size-sm\" href=\"mailto:info@moeller-scholz-gbr.de\/es\">\n\t\t\t\t\t\t<span class=\"elementor-button-content-wrapper\">\n\t\t\t\t\t\t\t\t\t<span class=\"elementor-button-text\">Solicitud de repuestos<\/span>\n\t\t\t\t\t<\/span>\n\t\t\t\t\t<\/a>\n\t\t\t\t<\/div>\n\t\t\t\t\t\t\t\t<\/div>\n\t\t\t\t<\/div>\n\t\t\t\t<div class=\"elementor-element elementor-element-382cfc0 elementor-widget elementor-widget-spacer\" data-id=\"382cfc0\" data-element_type=\"widget\" data-e-type=\"widget\" data-widget_type=\"spacer.default\">\n\t\t\t\t<div class=\"elementor-widget-container\">\n\t\t\t\t\t\t\t<div class=\"elementor-spacer\">\n\t\t\t<div class=\"elementor-spacer-inner\"><\/div>\n\t\t<\/div>\n\t\t\t\t\t\t<\/div>\n\t\t\t\t<\/div>\n\t\t\t\t\t<\/div>\n\t\t<\/div>\n\t\t\t\t\t<\/div>\n\t\t<\/section>\n\t\t\t\t<section class=\"elementor-section elementor-top-section elementor-element elementor-element-d3a0fb7 elementor-section-boxed elementor-section-height-default elementor-section-height-default default-style\" data-id=\"d3a0fb7\" data-element_type=\"section\" data-e-type=\"section\" data-settings=\"{&quot;rt_color_sets&quot;:&quot;default-style&quot;}\">\n\t\t\t\t\t\t<div class=\"elementor-container elementor-column-gap-wide\">\n\t\t\t\t\t<div class=\"elementor-column elementor-col-100 elementor-top-column elementor-element elementor-element-fc8620d\" data-id=\"fc8620d\" data-element_type=\"column\" data-e-type=\"column\">\n\t\t\t<div class=\"elementor-widget-wrap elementor-element-populated\">\n\t\t\t\t\t\t<div class=\"elementor-element elementor-element-f711829 elementor-widget elementor-widget-text-editor\" data-id=\"f711829\" data-element_type=\"widget\" data-e-type=\"widget\" data-widget_type=\"text-editor.default\">\n\t\t\t\t<div class=\"elementor-widget-container\">\n\t\t\t\t\t\t\t\t\t<p>Siempre hemos utilizado piezas de carrocer\u00eda para autobuses en stock.<\/p>\t\t\t\t\t\t\t\t<\/div>\n\t\t\t\t<\/div>\n\t\t\t\t<div class=\"elementor-element elementor-element-12b38d9 elementor-widget elementor-widget-spacer\" data-id=\"12b38d9\" data-element_type=\"widget\" data-e-type=\"widget\" data-widget_type=\"spacer.default\">\n\t\t\t\t<div class=\"elementor-widget-container\">\n\t\t\t\t\t\t\t<div class=\"elementor-spacer\">\n\t\t\t<div class=\"elementor-spacer-inner\"><\/div>\n\t\t<\/div>\n\t\t\t\t\t\t<\/div>\n\t\t\t\t<\/div>\n\t\t\t\t<section class=\"elementor-section elementor-inner-section elementor-element elementor-element-02823e7 elementor-section-boxed elementor-section-height-default elementor-section-height-default default-style\" data-id=\"02823e7\" data-element_type=\"section\" data-e-type=\"section\" data-settings=\"{&quot;rt_color_sets&quot;:&quot;default-style&quot;}\">\n\t\t\t\t\t\t<div class=\"elementor-container elementor-column-gap-default\">\n\t\t\t\t\t<div class=\"elementor-column elementor-col-25 elementor-inner-column elementor-element elementor-element-03e5147\" data-id=\"03e5147\" data-element_type=\"column\" data-e-type=\"column\">\n\t\t\t<div class=\"elementor-widget-wrap elementor-element-populated\">\n\t\t\t\t\t\t<div class=\"elementor-element elementor-element-d623a7a elementor-widget elementor-widget-image\" data-id=\"d623a7a\" data-element_type=\"widget\" data-e-type=\"widget\" data-widget_type=\"image.default\">\n\t\t\t\t<div class=\"elementor-widget-container\">\n\t\t\t\t\t\t\t\t\t\t\t\t<figure class=\"wp-caption\">\n\t\t\t\t\t\t\t\t\t\t\t<a href=\"https:\/\/busteile-nord.de\/wp-content\/uploads\/2021\/06\/Karosserieteile-Mercedes-Moeller-Scholz-GbR.jpg\" data-elementor-open-lightbox=\"yes\" data-elementor-lightbox-title=\"Karosserieteile Mercedes Citaro- Moeller-Scholz GbR\" data-e-action-hash=\"#elementor-action%3Aaction%3Dlightbox%26settings%3DeyJpZCI6MTMyNCwidXJsIjoiaHR0cHM6XC9cL21vZWxsZXItc2Nob2x6LWdici5kZVwvZXNcL3dwLWNvbnRlbnRcL3VwbG9hZHNcL3NpdGVzXC83XC8yMDIxXC8wNlwvS2Fyb3NzZXJpZXRlaWxlLU1lcmNlZGVzLU1vZWxsZXItU2Nob2x6LUdiUi5qcGcifQ%3D%3D\">\n\t\t\t\t\t\t\t<img fetchpriority=\"high\" decoding=\"async\" width=\"500\" height=\"465\" src=\"https:\/\/moeller-scholz-gbr.de\/es\/wp-content\/uploads\/sites\/7\/2021\/06\/Karosserieteile-Mercedes-Moeller-Scholz-GbR.jpg\" class=\"elementor-animation-grow attachment-full size-full wp-image-1324\" alt=\"\" srcset=\"https:\/\/moeller-scholz-gbr.de\/es\/wp-content\/uploads\/sites\/7\/2021\/06\/Karosserieteile-Mercedes-Moeller-Scholz-GbR.jpg 500w, https:\/\/moeller-scholz-gbr.de\/es\/wp-content\/uploads\/sites\/7\/2021\/06\/Karosserieteile-Mercedes-Moeller-Scholz-GbR-300x279.jpg 300w, https:\/\/moeller-scholz-gbr.de\/es\/wp-content\/uploads\/sites\/7\/2021\/06\/Karosserieteile-Mercedes-Moeller-Scholz-GbR-250x232.jpg 250w, https:\/\/moeller-scholz-gbr.de\/es\/wp-content\/uploads\/sites\/7\/2021\/06\/Karosserieteile-Mercedes-Moeller-Scholz-GbR-393x365.jpg 393w, https:\/\/moeller-scholz-gbr.de\/es\/wp-content\/uploads\/sites\/7\/2021\/06\/Karosserieteile-Mercedes-Moeller-Scholz-GbR-290x270.jpg 290w\" sizes=\"(max-width: 500px) 100vw, 500px\" \/>\t\t\t\t\t\t\t\t<\/a>\n\t\t\t\t\t\t\t\t\t\t\t<figcaption class=\"widget-image-caption wp-caption-text\">Piezas de carrocer\u00eda Mercedes Citaro<\/figcaption>\n\t\t\t\t\t\t\t\t\t\t<\/figure>\n\t\t\t\t\t\t\t\t\t<\/div>\n\t\t\t\t<\/div>\n\t\t\t\t\t<\/div>\n\t\t<\/div>\n\t\t\t\t<div class=\"elementor-column elementor-col-25 elementor-inner-column elementor-element elementor-element-a4c2a0e\" data-id=\"a4c2a0e\" data-element_type=\"column\" data-e-type=\"column\">\n\t\t\t<div class=\"elementor-widget-wrap elementor-element-populated\">\n\t\t\t\t\t\t<div class=\"elementor-element elementor-element-ab9d5bb elementor-widget elementor-widget-image\" data-id=\"ab9d5bb\" data-element_type=\"widget\" data-e-type=\"widget\" data-widget_type=\"image.default\">\n\t\t\t\t<div class=\"elementor-widget-container\">\n\t\t\t\t\t\t\t\t\t\t\t\t<figure class=\"wp-caption\">\n\t\t\t\t\t\t\t\t\t\t\t<a href=\"https:\/\/busteile-nord.de\/wp-content\/uploads\/2021\/06\/Karosserieteile-Mercedes-Citaro-Front-Moeller-Scholz-GbR.jpg\" data-elementor-open-lightbox=\"yes\" data-elementor-lightbox-title=\"Karosserieteile Mercedes Citaro Front - Moeller-Scholz GbR\" data-e-action-hash=\"#elementor-action%3Aaction%3Dlightbox%26settings%3DeyJpZCI6MTMyOSwidXJsIjoiaHR0cHM6XC9cL21vZWxsZXItc2Nob2x6LWdici5kZVwvZXNcL3dwLWNvbnRlbnRcL3VwbG9hZHNcL3NpdGVzXC83XC8yMDIxXC8wNlwvS2Fyb3NzZXJpZXRlaWxlLU1lcmNlZGVzLUNpdGFyby1Gcm9udC1Nb2VsbGVyLVNjaG9sei1HYlIuanBnIn0%3D\">\n\t\t\t\t\t\t\t<img decoding=\"async\" width=\"501\" height=\"466\" src=\"https:\/\/moeller-scholz-gbr.de\/es\/wp-content\/uploads\/sites\/7\/2021\/06\/Karosserieteile-Mercedes-Citaro-Front-Moeller-Scholz-GbR.jpg\" class=\"elementor-animation-grow attachment-full size-full wp-image-1329\" alt=\"\" srcset=\"https:\/\/moeller-scholz-gbr.de\/es\/wp-content\/uploads\/sites\/7\/2021\/06\/Karosserieteile-Mercedes-Citaro-Front-Moeller-Scholz-GbR.jpg 501w, https:\/\/moeller-scholz-gbr.de\/es\/wp-content\/uploads\/sites\/7\/2021\/06\/Karosserieteile-Mercedes-Citaro-Front-Moeller-Scholz-GbR-300x279.jpg 300w, https:\/\/moeller-scholz-gbr.de\/es\/wp-content\/uploads\/sites\/7\/2021\/06\/Karosserieteile-Mercedes-Citaro-Front-Moeller-Scholz-GbR-250x233.jpg 250w, https:\/\/moeller-scholz-gbr.de\/es\/wp-content\/uploads\/sites\/7\/2021\/06\/Karosserieteile-Mercedes-Citaro-Front-Moeller-Scholz-GbR-393x366.jpg 393w, https:\/\/moeller-scholz-gbr.de\/es\/wp-content\/uploads\/sites\/7\/2021\/06\/Karosserieteile-Mercedes-Citaro-Front-Moeller-Scholz-GbR-290x270.jpg 290w\" sizes=\"(max-width: 501px) 100vw, 501px\" \/>\t\t\t\t\t\t\t\t<\/a>\n\t\t\t\t\t\t\t\t\t\t\t<figcaption class=\"widget-image-caption wp-caption-text\">Mercedes Citaro<\/figcaption>\n\t\t\t\t\t\t\t\t\t\t<\/figure>\n\t\t\t\t\t\t\t\t\t<\/div>\n\t\t\t\t<\/div>\n\t\t\t\t\t<\/div>\n\t\t<\/div>\n\t\t\t\t<div class=\"elementor-column elementor-col-25 elementor-inner-column elementor-element elementor-element-bc33e97\" data-id=\"bc33e97\" data-element_type=\"column\" data-e-type=\"column\">\n\t\t\t<div class=\"elementor-widget-wrap\">\n\t\t\t\t\t\t\t<\/div>\n\t\t<\/div>\n\t\t\t\t<div class=\"elementor-column elementor-col-25 elementor-inner-column elementor-element elementor-element-2b4a227\" data-id=\"2b4a227\" data-element_type=\"column\" data-e-type=\"column\">\n\t\t\t<div class=\"elementor-widget-wrap\">\n\t\t\t\t\t\t\t<\/div>\n\t\t<\/div>\n\t\t\t\t\t<\/div>\n\t\t<\/section>\n\t\t\t\t\t<\/div>\n\t\t<\/div>\n\t\t\t\t\t<\/div>\n\t\t<\/section>\n\t\t\t\t<section class=\"elementor-section elementor-top-section elementor-element elementor-element-3aedea5 elementor-section-boxed elementor-section-height-default elementor-section-height-default default-style\" data-id=\"3aedea5\" data-element_type=\"section\" data-e-type=\"section\" data-settings=\"{&quot;rt_color_sets&quot;:&quot;default-style&quot;}\">\n\t\t\t\t\t\t<div class=\"elementor-container elementor-column-gap-default\">\n\t\t\t\t\t<div class=\"elementor-column elementor-col-100 elementor-top-column elementor-element elementor-element-ec34bc0\" data-id=\"ec34bc0\" data-element_type=\"column\" data-e-type=\"column\">\n\t\t\t<div class=\"elementor-widget-wrap elementor-element-populated\">\n\t\t\t\t\t\t<div class=\"elementor-element elementor-element-5367350 elementor-widget elementor-widget-spacer\" data-id=\"5367350\" data-element_type=\"widget\" data-e-type=\"widget\" data-widget_type=\"spacer.default\">\n\t\t\t\t<div class=\"elementor-widget-container\">\n\t\t\t\t\t\t\t<div class=\"elementor-spacer\">\n\t\t\t<div class=\"elementor-spacer-inner\"><\/div>\n\t\t<\/div>\n\t\t\t\t\t\t<\/div>\n\t\t\t\t<\/div>\n\t\t\t\t\t<\/div>\n\t\t<\/div>\n\t\t\t\t\t<\/div>\n\t\t<\/section>\n\t\t\t\t<\/div>\n\t\t","protected":false},"excerpt":{"rendered":"<p>PARTES DE CARROCERIA USADAS PARA AUTOBUSSES Partes de carrocer\u00eda usadas para autobuses Ofrecemos varias piezas de repuesto usadas desde la carrocer\u00eda hasta el interior y ampliamos regularmente nuestro inventario. Aqu\u00ed solo podemos presentar algunos ejemplos. Pregunte por su pieza de repuesto por correo electr\u00f3nico o por tel\u00e9fono. Solicitud de repuestos Siempre hemos utilizado piezas de [&hellip;]<\/p>\n","protected":false},"author":2,"featured_media":0,"parent":63,"menu_order":8,"comment_status":"closed","ping_status":"closed","template":"","meta":{"footnotes":""},"class_list":["post-1722","page","type-page","status-publish","hentry"],"yoast_head":"<!-- This site is optimized with the Yoast SEO plugin v27.3 - https:\/\/yoast.com\/product\/yoast-seo-wordpress\/ -->\n<title>Piezas de carrocer\u00eda - Repuestos usados \u200b\u200bpara autobuses<\/title>\n<meta name=\"description\" content=\"Piezas de carrocer\u00eda para autobuses y camiones, en buen estado, por ejemplo, para Mercedes Citaro, ampliamos regularmente nuestro inventario.\" \/>\n<meta name=\"robots\" content=\"index, follow, max-snippet:-1, max-image-preview:large, max-video-preview:-1\" \/>\n<link rel=\"canonical\" href=\"https:\/\/moeller-scholz-gbr.de\/es\/ersatzteile\/karosserieteile\/\" \/>\n<meta property=\"og:locale\" content=\"es_ES\" \/>\n<meta property=\"og:type\" content=\"article\" \/>\n<meta property=\"og:title\" content=\"Piezas de carrocer\u00eda - Repuestos usados \u200b\u200bpara autobuses\" \/>\n<meta property=\"og:description\" content=\"Piezas de carrocer\u00eda para autobuses y camiones, en buen estado, por ejemplo, para Mercedes Citaro, ampliamos regularmente nuestro inventario.\" \/>\n<meta property=\"og:url\" content=\"https:\/\/moeller-scholz-gbr.de\/es\/ersatzteile\/karosserieteile\/\" \/>\n<meta property=\"og:site_name\" content=\"M\u00d6LLER SCHOLZ GBR | ES\" \/>\n<meta property=\"article:modified_time\" content=\"2021-11-18T12:32:40+00:00\" \/>\n<meta property=\"og:image\" content=\"https:\/\/moeller-scholz-gbr.de\/es\/wp-content\/uploads\/sites\/7\/2021\/06\/Karosserieteile-Mercedes-Moeller-Scholz-GbR.jpg\" \/>\n<meta name=\"twitter:card\" content=\"summary_large_image\" \/>\n<meta name=\"twitter:label1\" content=\"Tiempo de lectura\" \/>\n\t<meta name=\"twitter:data1\" content=\"1 minuto\" \/>\n<script type=\"application\/ld+json\" class=\"yoast-schema-graph\">{\"@context\":\"https:\\\/\\\/schema.org\",\"@graph\":[{\"@type\":\"WebPage\",\"@id\":\"https:\\\/\\\/moeller-scholz-gbr.de\\\/es\\\/ersatzteile\\\/karosserieteile\\\/\",\"url\":\"https:\\\/\\\/moeller-scholz-gbr.de\\\/es\\\/ersatzteile\\\/karosserieteile\\\/\",\"name\":\"Piezas de carrocer\u00eda - Repuestos usados \u200b\u200bpara autobuses\",\"isPartOf\":{\"@id\":\"https:\\\/\\\/moeller-scholz-gbr.de\\\/es\\\/#website\"},\"primaryImageOfPage\":{\"@id\":\"https:\\\/\\\/moeller-scholz-gbr.de\\\/es\\\/ersatzteile\\\/karosserieteile\\\/#primaryimage\"},\"image\":{\"@id\":\"https:\\\/\\\/moeller-scholz-gbr.de\\\/es\\\/ersatzteile\\\/karosserieteile\\\/#primaryimage\"},\"thumbnailUrl\":\"https:\\\/\\\/moeller-scholz-gbr.de\\\/es\\\/wp-content\\\/uploads\\\/sites\\\/7\\\/2021\\\/06\\\/Karosserieteile-Mercedes-Moeller-Scholz-GbR.jpg\",\"datePublished\":\"2021-07-04T10:29:34+00:00\",\"dateModified\":\"2021-11-18T12:32:40+00:00\",\"description\":\"Piezas de carrocer\u00eda para autobuses y camiones, en buen estado, por ejemplo, para Mercedes Citaro, ampliamos regularmente nuestro inventario.\",\"breadcrumb\":{\"@id\":\"https:\\\/\\\/moeller-scholz-gbr.de\\\/es\\\/ersatzteile\\\/karosserieteile\\\/#breadcrumb\"},\"inLanguage\":\"es\",\"potentialAction\":[{\"@type\":\"ReadAction\",\"target\":[\"https:\\\/\\\/moeller-scholz-gbr.de\\\/es\\\/ersatzteile\\\/karosserieteile\\\/\"]}]},{\"@type\":\"ImageObject\",\"inLanguage\":\"es\",\"@id\":\"https:\\\/\\\/moeller-scholz-gbr.de\\\/es\\\/ersatzteile\\\/karosserieteile\\\/#primaryimage\",\"url\":\"https:\\\/\\\/moeller-scholz-gbr.de\\\/es\\\/wp-content\\\/uploads\\\/sites\\\/7\\\/2021\\\/06\\\/Karosserieteile-Mercedes-Moeller-Scholz-GbR.jpg\",\"contentUrl\":\"https:\\\/\\\/moeller-scholz-gbr.de\\\/es\\\/wp-content\\\/uploads\\\/sites\\\/7\\\/2021\\\/06\\\/Karosserieteile-Mercedes-Moeller-Scholz-GbR.jpg\",\"width\":500,\"height\":465},{\"@type\":\"BreadcrumbList\",\"@id\":\"https:\\\/\\\/moeller-scholz-gbr.de\\\/es\\\/ersatzteile\\\/karosserieteile\\\/#breadcrumb\",\"itemListElement\":[{\"@type\":\"ListItem\",\"position\":1,\"name\":\"Startseite\",\"item\":\"https:\\\/\\\/moeller-scholz-gbr.de\\\/es\\\/\"},{\"@type\":\"ListItem\",\"position\":2,\"name\":\"ERSATZTEILE\",\"item\":\"https:\\\/\\\/moeller-scholz-gbr.de\\\/es\\\/ersatzteile\\\/\"},{\"@type\":\"ListItem\",\"position\":3,\"name\":\"PIEZAS DE CARROCERIA\"}]},{\"@type\":\"WebSite\",\"@id\":\"https:\\\/\\\/moeller-scholz-gbr.de\\\/es\\\/#website\",\"url\":\"https:\\\/\\\/moeller-scholz-gbr.de\\\/es\\\/\",\"name\":\"M\u00d6LLER SCHOLZ GBR | ES\",\"description\":\"Bus &amp; Truck Parts\",\"potentialAction\":[{\"@type\":\"SearchAction\",\"target\":{\"@type\":\"EntryPoint\",\"urlTemplate\":\"https:\\\/\\\/moeller-scholz-gbr.de\\\/es\\\/?s={search_term_string}\"},\"query-input\":{\"@type\":\"PropertyValueSpecification\",\"valueRequired\":true,\"valueName\":\"search_term_string\"}}],\"inLanguage\":\"es\"}]}<\/script>\n<!-- \/ Yoast SEO plugin. -->","yoast_head_json":{"title":"Piezas de carrocer\u00eda - Repuestos usados \u200b\u200bpara autobuses","description":"Piezas de carrocer\u00eda para autobuses y camiones, en buen estado, por ejemplo, para Mercedes Citaro, ampliamos regularmente nuestro inventario.","robots":{"index":"index","follow":"follow","max-snippet":"max-snippet:-1","max-image-preview":"max-image-preview:large","max-video-preview":"max-video-preview:-1"},"canonical":"https:\/\/moeller-scholz-gbr.de\/es\/ersatzteile\/karosserieteile\/","og_locale":"es_ES","og_type":"article","og_title":"Piezas de carrocer\u00eda - Repuestos usados \u200b\u200bpara autobuses","og_description":"Piezas de carrocer\u00eda para autobuses y camiones, en buen estado, por ejemplo, para Mercedes Citaro, ampliamos regularmente nuestro inventario.","og_url":"https:\/\/moeller-scholz-gbr.de\/es\/ersatzteile\/karosserieteile\/","og_site_name":"M\u00d6LLER SCHOLZ GBR | ES","article_modified_time":"2021-11-18T12:32:40+00:00","og_image":[{"url":"https:\/\/moeller-scholz-gbr.de\/es\/wp-content\/uploads\/sites\/7\/2021\/06\/Karosserieteile-Mercedes-Moeller-Scholz-GbR.jpg","type":"","width":"","height":""}],"twitter_card":"summary_large_image","twitter_misc":{"Tiempo de lectura":"1 minuto"},"schema":{"@context":"https:\/\/schema.org","@graph":[{"@type":"WebPage","@id":"https:\/\/moeller-scholz-gbr.de\/es\/ersatzteile\/karosserieteile\/","url":"https:\/\/moeller-scholz-gbr.de\/es\/ersatzteile\/karosserieteile\/","name":"Piezas de carrocer\u00eda - Repuestos usados \u200b\u200bpara autobuses","isPartOf":{"@id":"https:\/\/moeller-scholz-gbr.de\/es\/#website"},"primaryImageOfPage":{"@id":"https:\/\/moeller-scholz-gbr.de\/es\/ersatzteile\/karosserieteile\/#primaryimage"},"image":{"@id":"https:\/\/moeller-scholz-gbr.de\/es\/ersatzteile\/karosserieteile\/#primaryimage"},"thumbnailUrl":"https:\/\/moeller-scholz-gbr.de\/es\/wp-content\/uploads\/sites\/7\/2021\/06\/Karosserieteile-Mercedes-Moeller-Scholz-GbR.jpg","datePublished":"2021-07-04T10:29:34+00:00","dateModified":"2021-11-18T12:32:40+00:00","description":"Piezas de carrocer\u00eda para autobuses y camiones, en buen estado, por ejemplo, para Mercedes Citaro, ampliamos regularmente nuestro inventario.","breadcrumb":{"@id":"https:\/\/moeller-scholz-gbr.de\/es\/ersatzteile\/karosserieteile\/#breadcrumb"},"inLanguage":"es","potentialAction":[{"@type":"ReadAction","target":["https:\/\/moeller-scholz-gbr.de\/es\/ersatzteile\/karosserieteile\/"]}]},{"@type":"ImageObject","inLanguage":"es","@id":"https:\/\/moeller-scholz-gbr.de\/es\/ersatzteile\/karosserieteile\/#primaryimage","url":"https:\/\/moeller-scholz-gbr.de\/es\/wp-content\/uploads\/sites\/7\/2021\/06\/Karosserieteile-Mercedes-Moeller-Scholz-GbR.jpg","contentUrl":"https:\/\/moeller-scholz-gbr.de\/es\/wp-content\/uploads\/sites\/7\/2021\/06\/Karosserieteile-Mercedes-Moeller-Scholz-GbR.jpg","width":500,"height":465},{"@type":"BreadcrumbList","@id":"https:\/\/moeller-scholz-gbr.de\/es\/ersatzteile\/karosserieteile\/#breadcrumb","itemListElement":[{"@type":"ListItem","position":1,"name":"Startseite","item":"https:\/\/moeller-scholz-gbr.de\/es\/"},{"@type":"ListItem","position":2,"name":"ERSATZTEILE","item":"https:\/\/moeller-scholz-gbr.de\/es\/ersatzteile\/"},{"@type":"ListItem","position":3,"name":"PIEZAS DE CARROCERIA"}]},{"@type":"WebSite","@id":"https:\/\/moeller-scholz-gbr.de\/es\/#website","url":"https:\/\/moeller-scholz-gbr.de\/es\/","name":"M\u00d6LLER SCHOLZ GBR | ES","description":"Bus &amp; Truck Parts","potentialAction":[{"@type":"SearchAction","target":{"@type":"EntryPoint","urlTemplate":"https:\/\/moeller-scholz-gbr.de\/es\/?s={search_term_string}"},"query-input":{"@type":"PropertyValueSpecification","valueRequired":true,"valueName":"search_term_string"}}],"inLanguage":"es"}]}},"_links":{"self":[{"href":"https:\/\/moeller-scholz-gbr.de\/es\/wp-json\/wp\/v2\/pages\/1722","targetHints":{"allow":["GET"]}}],"collection":[{"href":"https:\/\/moeller-scholz-gbr.de\/es\/wp-json\/wp\/v2\/pages"}],"about":[{"href":"https:\/\/moeller-scholz-gbr.de\/es\/wp-json\/wp\/v2\/types\/page"}],"author":[{"embeddable":true,"href":"https:\/\/moeller-scholz-gbr.de\/es\/wp-json\/wp\/v2\/users\/2"}],"replies":[{"embeddable":true,"href":"https:\/\/moeller-scholz-gbr.de\/es\/wp-json\/wp\/v2\/comments?post=1722"}],"version-history":[{"count":17,"href":"https:\/\/moeller-scholz-gbr.de\/es\/wp-json\/wp\/v2\/pages\/1722\/revisions"}],"predecessor-version":[{"id":2021,"href":"https:\/\/moeller-scholz-gbr.de\/es\/wp-json\/wp\/v2\/pages\/1722\/revisions\/2021"}],"up":[{"embeddable":true,"href":"https:\/\/moeller-scholz-gbr.de\/es\/wp-json\/wp\/v2\/pages\/63"}],"wp:attachment":[{"href":"https:\/\/moeller-scholz-gbr.de\/es\/wp-json\/wp\/v2\/media?parent=1722"}],"curies":[{"name":"wp","href":"https:\/\/api.w.org\/{rel}","templated":true}]}}