{"id":428,"date":"2021-03-02T17:03:35","date_gmt":"2021-03-02T16:03:35","guid":{"rendered":"https:\/\/busteile-nord.de\/?page_id=428"},"modified":"2021-11-18T13:33:58","modified_gmt":"2021-11-18T12:33:58","slug":"unser-team","status":"publish","type":"page","link":"https:\/\/moeller-scholz-gbr.de\/es\/unser-team\/","title":{"rendered":"SOBRE NOSOTROS"},"content":{"rendered":"\t\t<div data-elementor-type=\"wp-page\" data-elementor-id=\"428\" class=\"elementor elementor-428\">\n\t\t\t\t\t\t<section class=\"elementor-section elementor-top-section elementor-element elementor-element-64c84ab elementor-section-boxed elementor-section-height-default elementor-section-height-default default-style\" data-id=\"64c84ab\" data-element_type=\"section\" data-e-type=\"section\" data-settings=\"{&quot;background_background&quot;:&quot;classic&quot;,&quot;rt_color_sets&quot;:&quot;default-style&quot;}\">\n\t\t\t\t\t\t<div class=\"elementor-container elementor-column-gap-default\">\n\t\t\t\t\t<div class=\"elementor-column elementor-col-100 elementor-top-column elementor-element elementor-element-3460934\" data-id=\"3460934\" data-element_type=\"column\" data-e-type=\"column\" data-settings=\"{&quot;background_background&quot;:&quot;classic&quot;}\">\n\t\t\t<div class=\"elementor-widget-wrap elementor-element-populated\">\n\t\t\t\t\t\t<div class=\"elementor-element elementor-element-9f56559 elementor-widget elementor-widget-spacer\" data-id=\"9f56559\" data-element_type=\"widget\" data-e-type=\"widget\" data-widget_type=\"spacer.default\">\n\t\t\t\t<div class=\"elementor-widget-container\">\n\t\t\t\t\t\t\t<div class=\"elementor-spacer\">\n\t\t\t<div class=\"elementor-spacer-inner\"><\/div>\n\t\t<\/div>\n\t\t\t\t\t\t<\/div>\n\t\t\t\t<\/div>\n\t\t\t\t<div class=\"elementor-element elementor-element-0ba0734 elementor-widget elementor-widget-heading\" data-id=\"0ba0734\" data-element_type=\"widget\" data-e-type=\"widget\" data-widget_type=\"heading.default\">\n\t\t\t\t<div class=\"elementor-widget-container\">\n\t\t\t\t\t<h2 class=\"elementor-heading-title elementor-size-default\">SOBRE NOSOTROS\n<\/h2>\t\t\t\t<\/div>\n\t\t\t\t<\/div>\n\t\t\t\t<div class=\"elementor-element elementor-element-1a054f1 elementor-widget elementor-widget-heading\" data-id=\"1a054f1\" data-element_type=\"widget\" data-e-type=\"widget\" data-widget_type=\"heading.default\">\n\t\t\t\t<div class=\"elementor-widget-container\">\n\t\t\t\t\t<h3 class=\"elementor-heading-title elementor-size-default\">M\u00f6ller-Scholz GbR<\/h3>\t\t\t\t<\/div>\n\t\t\t\t<\/div>\n\t\t\t\t<div class=\"elementor-element elementor-element-70523cc elementor-widget elementor-widget-spacer\" data-id=\"70523cc\" data-element_type=\"widget\" data-e-type=\"widget\" data-widget_type=\"spacer.default\">\n\t\t\t\t<div class=\"elementor-widget-container\">\n\t\t\t\t\t\t\t<div class=\"elementor-spacer\">\n\t\t\t<div class=\"elementor-spacer-inner\"><\/div>\n\t\t<\/div>\n\t\t\t\t\t\t<\/div>\n\t\t\t\t<\/div>\n\t\t\t\t\t<\/div>\n\t\t<\/div>\n\t\t\t\t\t<\/div>\n\t\t<\/section>\n\t\t\t\t<section class=\"elementor-section elementor-top-section elementor-element elementor-element-ec7d6b0 elementor-section-boxed elementor-section-height-default elementor-section-height-default default-style\" data-id=\"ec7d6b0\" data-element_type=\"section\" data-e-type=\"section\" data-settings=\"{&quot;rt_color_sets&quot;:&quot;default-style&quot;}\">\n\t\t\t\t\t\t<div class=\"elementor-container elementor-column-gap-default\">\n\t\t\t\t\t<div class=\"elementor-column elementor-col-100 elementor-top-column elementor-element elementor-element-971fc6c\" data-id=\"971fc6c\" data-element_type=\"column\" data-e-type=\"column\">\n\t\t\t<div class=\"elementor-widget-wrap elementor-element-populated\">\n\t\t\t\t\t\t<div class=\"elementor-element elementor-element-6ae6ca2 elementor-widget elementor-widget-spacer\" data-id=\"6ae6ca2\" data-element_type=\"widget\" data-e-type=\"widget\" data-widget_type=\"spacer.default\">\n\t\t\t\t<div class=\"elementor-widget-container\">\n\t\t\t\t\t\t\t<div class=\"elementor-spacer\">\n\t\t\t<div class=\"elementor-spacer-inner\"><\/div>\n\t\t<\/div>\n\t\t\t\t\t\t<\/div>\n\t\t\t\t<\/div>\n\t\t\t\t\t<\/div>\n\t\t<\/div>\n\t\t\t\t\t<\/div>\n\t\t<\/section>\n\t\t\t\t<section class=\"elementor-section elementor-top-section elementor-element elementor-element-5f7eba9 elementor-section-boxed elementor-section-height-default elementor-section-height-default default-style\" data-id=\"5f7eba9\" data-element_type=\"section\" data-e-type=\"section\" data-settings=\"{&quot;rt_color_sets&quot;:&quot;default-style&quot;}\">\n\t\t\t\t\t\t<div class=\"elementor-container elementor-column-gap-wide\">\n\t\t\t\t\t<div class=\"elementor-column elementor-col-100 elementor-top-column elementor-element elementor-element-5885544\" data-id=\"5885544\" data-element_type=\"column\" data-e-type=\"column\">\n\t\t\t<div class=\"elementor-widget-wrap elementor-element-populated\">\n\t\t\t\t\t\t<div class=\"elementor-element elementor-element-98d9f28 elementor-widget elementor-widget-heading\" data-id=\"98d9f28\" data-element_type=\"widget\" data-e-type=\"widget\" data-widget_type=\"heading.default\">\n\t\t\t\t<div class=\"elementor-widget-container\">\n\t\t\t\t\t<h2 class=\"elementor-heading-title elementor-size-default\">Jan M\u00f6ller &amp; Hendrick Scholz<\/h2>\t\t\t\t<\/div>\n\t\t\t\t<\/div>\n\t\t\t\t<div class=\"elementor-element elementor-element-2349c58 elementor-widget elementor-widget-heading\" data-id=\"2349c58\" data-element_type=\"widget\" data-e-type=\"widget\" data-widget_type=\"heading.default\">\n\t\t\t\t<div class=\"elementor-widget-container\">\n\t\t\t\t\t<h3 class=\"elementor-heading-title elementor-size-default\">Amigos de la infancia: confiables, amigables, conscientes de la calidad<\/h3>\t\t\t\t<\/div>\n\t\t\t\t<\/div>\n\t\t\t\t\t<\/div>\n\t\t<\/div>\n\t\t\t\t\t<\/div>\n\t\t<\/section>\n\t\t\t\t<section class=\"elementor-section elementor-top-section elementor-element elementor-element-8cc5b6e elementor-section-boxed elementor-section-height-default elementor-section-height-default default-style\" data-id=\"8cc5b6e\" data-element_type=\"section\" data-e-type=\"section\" data-settings=\"{&quot;rt_color_sets&quot;:&quot;default-style&quot;}\">\n\t\t\t\t\t\t<div class=\"elementor-container elementor-column-gap-wide\">\n\t\t\t\t\t<div class=\"elementor-column elementor-col-50 elementor-top-column elementor-element elementor-element-40ee9b4\" data-id=\"40ee9b4\" data-element_type=\"column\" data-e-type=\"column\">\n\t\t\t<div class=\"elementor-widget-wrap elementor-element-populated\">\n\t\t\t\t\t\t<div class=\"elementor-element elementor-element-3bb0fd6 elementor-widget elementor-widget-text-editor\" data-id=\"3bb0fd6\" data-element_type=\"widget\" data-e-type=\"widget\" data-widget_type=\"text-editor.default\">\n\t\t\t\t<div class=\"elementor-widget-container\">\n\t\t\t\t\t\t\t\t\t<p>Jan M\u00f6ller y Hendrick Scholz fundaron el \u00abM\u00f6ller-Scholz GbR\u00bb en Bad Oldesloe en 2013 y desde entonces han expandido constantemente el comercio de repuestos para autobuses y camiones.<\/p><p>Los fundadores se conocen desde la infancia y crecieron como buenos amigos en el mismo lugar. Ambos siempre han sido ambiciosos, orientados a objetivos y trabajadores.<\/p><p>Antes de comenzar su propio negocio, Jan M\u00f6ller complet\u00f3 un exitoso aprendizaje como t\u00e9cnico en mecatr\u00f3nica y trabaj\u00f3 en esta profesi\u00f3n durante varios a\u00f1os. Hendrick Scholz es licenciado en ingenier\u00eda industrial.<\/p><p>Un d\u00eda qued\u00f3 claro para ambos que hab\u00eda una gran demanda de repuestos y que ten\u00edan la oportunidad de desmantelar autobuses y ofrecer los repuestos. Los planes tomaron forma r\u00e1pidamente, y as\u00ed comenz\u00f3 \u00abla matanza de autobuses\u00bb. La gama de repuestos se hizo cada vez m\u00e1s diversa y amplia, por lo que en 2014 se adquiri\u00f3 un terreno con almac\u00e9n en Bad Oldesloe.<\/p><p>Desde entonces, han convencido por su fiabilidad, amabilidad y calidad.<\/p>\t\t\t\t\t\t\t\t<\/div>\n\t\t\t\t<\/div>\n\t\t\t\t\t<\/div>\n\t\t<\/div>\n\t\t\t\t<div class=\"elementor-column elementor-col-50 elementor-top-column elementor-element elementor-element-c80a620\" data-id=\"c80a620\" data-element_type=\"column\" data-e-type=\"column\">\n\t\t\t<div class=\"elementor-widget-wrap elementor-element-populated\">\n\t\t\t\t\t\t<div class=\"elementor-element elementor-element-67561a1 elementor-widget elementor-widget-image\" data-id=\"67561a1\" data-element_type=\"widget\" data-e-type=\"widget\" data-widget_type=\"image.default\">\n\t\t\t\t<div class=\"elementor-widget-container\">\n\t\t\t\t\t\t\t\t\t\t\t\t\t\t\t<img decoding=\"async\" src=\"https:\/\/moeller-scholz-gbr.de\/es\/wp-content\/uploads\/sites\/7\/elementor\/thumbs\/Jan-Moeller-Hendrick-Scholz-Freunde-seit-Kindertagen-e1616063239586-pg3fsgqi85txp8143llmrv4kf1q2ith4di7n9cfhvy.jpg\" title=\"Jan Moeller, Hendrick Scholz &#8211; Freunde seit Kindertagen\" alt=\"Jan Moeller, Hendrick Scholz - Freunde seit Kindertagen\" loading=\"lazy\" \/>\t\t\t\t\t\t\t\t\t\t\t\t\t\t\t<\/div>\n\t\t\t\t<\/div>\n\t\t\t\t<div class=\"elementor-element elementor-element-242de36 elementor-widget elementor-widget-text-editor\" data-id=\"242de36\" data-element_type=\"widget\" data-e-type=\"widget\" data-widget_type=\"text-editor.default\">\n\t\t\t\t<div class=\"elementor-widget-container\">\n\t\t\t\t\t\t\t\t\t<p>Hendrick Scholz y Jan M\u00f6ller\u00a0<\/p>\t\t\t\t\t\t\t\t<\/div>\n\t\t\t\t<\/div>\n\t\t\t\t\t<\/div>\n\t\t<\/div>\n\t\t\t\t\t<\/div>\n\t\t<\/section>\n\t\t\t\t<section class=\"elementor-section elementor-top-section elementor-element elementor-element-d00ac59 elementor-section-boxed elementor-section-height-default elementor-section-height-default default-style\" data-id=\"d00ac59\" data-element_type=\"section\" data-e-type=\"section\" data-settings=\"{&quot;rt_color_sets&quot;:&quot;default-style&quot;}\">\n\t\t\t\t\t\t<div class=\"elementor-container elementor-column-gap-default\">\n\t\t\t\t\t<div class=\"elementor-column elementor-col-100 elementor-top-column elementor-element elementor-element-31bcc2e\" data-id=\"31bcc2e\" data-element_type=\"column\" data-e-type=\"column\">\n\t\t\t<div class=\"elementor-widget-wrap elementor-element-populated\">\n\t\t\t\t\t\t<div class=\"elementor-element elementor-element-b47c123 elementor-widget elementor-widget-spacer\" data-id=\"b47c123\" data-element_type=\"widget\" data-e-type=\"widget\" data-widget_type=\"spacer.default\">\n\t\t\t\t<div class=\"elementor-widget-container\">\n\t\t\t\t\t\t\t<div class=\"elementor-spacer\">\n\t\t\t<div class=\"elementor-spacer-inner\"><\/div>\n\t\t<\/div>\n\t\t\t\t\t\t<\/div>\n\t\t\t\t<\/div>\n\t\t\t\t\t<\/div>\n\t\t<\/div>\n\t\t\t\t\t<\/div>\n\t\t<\/section>\n\t\t\t\t<\/div>\n\t\t","protected":false},"excerpt":{"rendered":"<p>SOBRE NOSOTROS M\u00f6ller-Scholz GbR Jan M\u00f6ller &amp; Hendrick Scholz Amigos de la infancia: confiables, amigables, conscientes de la calidad Jan M\u00f6ller y Hendrick Scholz fundaron el \u00abM\u00f6ller-Scholz GbR\u00bb en Bad Oldesloe en 2013 y desde entonces han expandido constantemente el comercio de repuestos para autobuses y camiones. Los fundadores se conocen desde la infancia y [&hellip;]<\/p>\n","protected":false},"author":2,"featured_media":0,"parent":0,"menu_order":0,"comment_status":"closed","ping_status":"closed","template":"","meta":{"footnotes":""},"class_list":["post-428","page","type-page","status-publish","hentry"],"yoast_head":"<!-- This site is optimized with the Yoast SEO plugin v27.3 - https:\/\/yoast.com\/product\/yoast-seo-wordpress\/ -->\n<title>SOBRE NOSOTROS - M\u00f6ller-Scholz GbR<\/title>\n<meta name=\"description\" content=\"M\u00f6ller Scholz GbR: Jan M\u00f6ller y Hendrick Scholz han expandido constantemente el negocio de repuestos para autobuses y camiones desde 2013.\" \/>\n<meta name=\"robots\" content=\"index, follow, max-snippet:-1, max-image-preview:large, max-video-preview:-1\" \/>\n<link rel=\"canonical\" href=\"https:\/\/moeller-scholz-gbr.de\/es\/unser-team\/\" \/>\n<meta property=\"og:locale\" content=\"es_ES\" \/>\n<meta property=\"og:type\" content=\"article\" \/>\n<meta property=\"og:title\" content=\"SOBRE NOSOTROS - M\u00f6ller-Scholz GbR\" \/>\n<meta property=\"og:description\" content=\"M\u00f6ller Scholz GbR: Jan M\u00f6ller y Hendrick Scholz han expandido constantemente el negocio de repuestos para autobuses y camiones desde 2013.\" \/>\n<meta property=\"og:url\" content=\"https:\/\/moeller-scholz-gbr.de\/es\/unser-team\/\" \/>\n<meta property=\"og:site_name\" content=\"M\u00d6LLER SCHOLZ GBR | ES\" \/>\n<meta property=\"article:modified_time\" content=\"2021-11-18T12:33:58+00:00\" \/>\n<meta property=\"og:image\" content=\"https:\/\/moeller-scholz-gbr.de\/es\/wp-content\/uploads\/sites\/7\/elementor\/thumbs\/Jan-Moeller-Hendrick-Scholz-Freunde-seit-Kindertagen-e1616063239586-pg3fsgqi85txp8143llmrv4kf1q2ith4di7n9cfhw8.jpg\" \/>\n<meta name=\"twitter:card\" content=\"summary_large_image\" \/>\n<meta name=\"twitter:label1\" content=\"Tiempo de lectura\" \/>\n\t<meta name=\"twitter:data1\" content=\"1 minuto\" \/>\n<script type=\"application\/ld+json\" class=\"yoast-schema-graph\">{\"@context\":\"https:\\\/\\\/schema.org\",\"@graph\":[{\"@type\":\"WebPage\",\"@id\":\"https:\\\/\\\/moeller-scholz-gbr.de\\\/es\\\/unser-team\\\/\",\"url\":\"https:\\\/\\\/moeller-scholz-gbr.de\\\/es\\\/unser-team\\\/\",\"name\":\"SOBRE NOSOTROS - M\u00f6ller-Scholz GbR\",\"isPartOf\":{\"@id\":\"https:\\\/\\\/moeller-scholz-gbr.de\\\/es\\\/#website\"},\"primaryImageOfPage\":{\"@id\":\"https:\\\/\\\/moeller-scholz-gbr.de\\\/es\\\/unser-team\\\/#primaryimage\"},\"image\":{\"@id\":\"https:\\\/\\\/moeller-scholz-gbr.de\\\/es\\\/unser-team\\\/#primaryimage\"},\"thumbnailUrl\":\"https:\\\/\\\/moeller-scholz-gbr.de\\\/es\\\/wp-content\\\/uploads\\\/sites\\\/7\\\/elementor\\\/thumbs\\\/Jan-Moeller-Hendrick-Scholz-Freunde-seit-Kindertagen-e1616063239586-pg3fsgqi85txp8143llmrv4kf1q2ith4di7n9cfhw8.jpg\",\"datePublished\":\"2021-03-02T16:03:35+00:00\",\"dateModified\":\"2021-11-18T12:33:58+00:00\",\"description\":\"M\u00f6ller Scholz GbR: Jan M\u00f6ller y Hendrick Scholz han expandido constantemente el negocio de repuestos para autobuses y camiones desde 2013.\",\"breadcrumb\":{\"@id\":\"https:\\\/\\\/moeller-scholz-gbr.de\\\/es\\\/unser-team\\\/#breadcrumb\"},\"inLanguage\":\"es\",\"potentialAction\":[{\"@type\":\"ReadAction\",\"target\":[\"https:\\\/\\\/moeller-scholz-gbr.de\\\/es\\\/unser-team\\\/\"]}]},{\"@type\":\"ImageObject\",\"inLanguage\":\"es\",\"@id\":\"https:\\\/\\\/moeller-scholz-gbr.de\\\/es\\\/unser-team\\\/#primaryimage\",\"url\":\"https:\\\/\\\/moeller-scholz-gbr.de\\\/es\\\/wp-content\\\/uploads\\\/sites\\\/7\\\/elementor\\\/thumbs\\\/Jan-Moeller-Hendrick-Scholz-Freunde-seit-Kindertagen-e1616063239586-pg3fsgqi85txp8143llmrv4kf1q2ith4di7n9cfhw8.jpg\",\"contentUrl\":\"https:\\\/\\\/moeller-scholz-gbr.de\\\/es\\\/wp-content\\\/uploads\\\/sites\\\/7\\\/elementor\\\/thumbs\\\/Jan-Moeller-Hendrick-Scholz-Freunde-seit-Kindertagen-e1616063239586-pg3fsgqi85txp8143llmrv4kf1q2ith4di7n9cfhw8.jpg\"},{\"@type\":\"BreadcrumbList\",\"@id\":\"https:\\\/\\\/moeller-scholz-gbr.de\\\/es\\\/unser-team\\\/#breadcrumb\",\"itemListElement\":[{\"@type\":\"ListItem\",\"position\":1,\"name\":\"Startseite\",\"item\":\"https:\\\/\\\/moeller-scholz-gbr.de\\\/es\\\/\"},{\"@type\":\"ListItem\",\"position\":2,\"name\":\"SOBRE NOSOTROS\"}]},{\"@type\":\"WebSite\",\"@id\":\"https:\\\/\\\/moeller-scholz-gbr.de\\\/es\\\/#website\",\"url\":\"https:\\\/\\\/moeller-scholz-gbr.de\\\/es\\\/\",\"name\":\"M\u00d6LLER SCHOLZ GBR | ES\",\"description\":\"Bus &amp; Truck Parts\",\"potentialAction\":[{\"@type\":\"SearchAction\",\"target\":{\"@type\":\"EntryPoint\",\"urlTemplate\":\"https:\\\/\\\/moeller-scholz-gbr.de\\\/es\\\/?s={search_term_string}\"},\"query-input\":{\"@type\":\"PropertyValueSpecification\",\"valueRequired\":true,\"valueName\":\"search_term_string\"}}],\"inLanguage\":\"es\"}]}<\/script>\n<!-- \/ Yoast SEO plugin. -->","yoast_head_json":{"title":"SOBRE NOSOTROS - M\u00f6ller-Scholz GbR","description":"M\u00f6ller Scholz GbR: Jan M\u00f6ller y Hendrick Scholz han expandido constantemente el negocio de repuestos para autobuses y camiones desde 2013.","robots":{"index":"index","follow":"follow","max-snippet":"max-snippet:-1","max-image-preview":"max-image-preview:large","max-video-preview":"max-video-preview:-1"},"canonical":"https:\/\/moeller-scholz-gbr.de\/es\/unser-team\/","og_locale":"es_ES","og_type":"article","og_title":"SOBRE NOSOTROS - M\u00f6ller-Scholz GbR","og_description":"M\u00f6ller Scholz GbR: Jan M\u00f6ller y Hendrick Scholz han expandido constantemente el negocio de repuestos para autobuses y camiones desde 2013.","og_url":"https:\/\/moeller-scholz-gbr.de\/es\/unser-team\/","og_site_name":"M\u00d6LLER SCHOLZ GBR | ES","article_modified_time":"2021-11-18T12:33:58+00:00","og_image":[{"url":"https:\/\/moeller-scholz-gbr.de\/es\/wp-content\/uploads\/sites\/7\/elementor\/thumbs\/Jan-Moeller-Hendrick-Scholz-Freunde-seit-Kindertagen-e1616063239586-pg3fsgqi85txp8143llmrv4kf1q2ith4di7n9cfhw8.jpg","type":"","width":"","height":""}],"twitter_card":"summary_large_image","twitter_misc":{"Tiempo de lectura":"1 minuto"},"schema":{"@context":"https:\/\/schema.org","@graph":[{"@type":"WebPage","@id":"https:\/\/moeller-scholz-gbr.de\/es\/unser-team\/","url":"https:\/\/moeller-scholz-gbr.de\/es\/unser-team\/","name":"SOBRE NOSOTROS - M\u00f6ller-Scholz GbR","isPartOf":{"@id":"https:\/\/moeller-scholz-gbr.de\/es\/#website"},"primaryImageOfPage":{"@id":"https:\/\/moeller-scholz-gbr.de\/es\/unser-team\/#primaryimage"},"image":{"@id":"https:\/\/moeller-scholz-gbr.de\/es\/unser-team\/#primaryimage"},"thumbnailUrl":"https:\/\/moeller-scholz-gbr.de\/es\/wp-content\/uploads\/sites\/7\/elementor\/thumbs\/Jan-Moeller-Hendrick-Scholz-Freunde-seit-Kindertagen-e1616063239586-pg3fsgqi85txp8143llmrv4kf1q2ith4di7n9cfhw8.jpg","datePublished":"2021-03-02T16:03:35+00:00","dateModified":"2021-11-18T12:33:58+00:00","description":"M\u00f6ller Scholz GbR: Jan M\u00f6ller y Hendrick Scholz han expandido constantemente el negocio de repuestos para autobuses y camiones desde 2013.","breadcrumb":{"@id":"https:\/\/moeller-scholz-gbr.de\/es\/unser-team\/#breadcrumb"},"inLanguage":"es","potentialAction":[{"@type":"ReadAction","target":["https:\/\/moeller-scholz-gbr.de\/es\/unser-team\/"]}]},{"@type":"ImageObject","inLanguage":"es","@id":"https:\/\/moeller-scholz-gbr.de\/es\/unser-team\/#primaryimage","url":"https:\/\/moeller-scholz-gbr.de\/es\/wp-content\/uploads\/sites\/7\/elementor\/thumbs\/Jan-Moeller-Hendrick-Scholz-Freunde-seit-Kindertagen-e1616063239586-pg3fsgqi85txp8143llmrv4kf1q2ith4di7n9cfhw8.jpg","contentUrl":"https:\/\/moeller-scholz-gbr.de\/es\/wp-content\/uploads\/sites\/7\/elementor\/thumbs\/Jan-Moeller-Hendrick-Scholz-Freunde-seit-Kindertagen-e1616063239586-pg3fsgqi85txp8143llmrv4kf1q2ith4di7n9cfhw8.jpg"},{"@type":"BreadcrumbList","@id":"https:\/\/moeller-scholz-gbr.de\/es\/unser-team\/#breadcrumb","itemListElement":[{"@type":"ListItem","position":1,"name":"Startseite","item":"https:\/\/moeller-scholz-gbr.de\/es\/"},{"@type":"ListItem","position":2,"name":"SOBRE NOSOTROS"}]},{"@type":"WebSite","@id":"https:\/\/moeller-scholz-gbr.de\/es\/#website","url":"https:\/\/moeller-scholz-gbr.de\/es\/","name":"M\u00d6LLER SCHOLZ GBR | ES","description":"Bus &amp; Truck Parts","potentialAction":[{"@type":"SearchAction","target":{"@type":"EntryPoint","urlTemplate":"https:\/\/moeller-scholz-gbr.de\/es\/?s={search_term_string}"},"query-input":{"@type":"PropertyValueSpecification","valueRequired":true,"valueName":"search_term_string"}}],"inLanguage":"es"}]}},"_links":{"self":[{"href":"https:\/\/moeller-scholz-gbr.de\/es\/wp-json\/wp\/v2\/pages\/428","targetHints":{"allow":["GET"]}}],"collection":[{"href":"https:\/\/moeller-scholz-gbr.de\/es\/wp-json\/wp\/v2\/pages"}],"about":[{"href":"https:\/\/moeller-scholz-gbr.de\/es\/wp-json\/wp\/v2\/types\/page"}],"author":[{"embeddable":true,"href":"https:\/\/moeller-scholz-gbr.de\/es\/wp-json\/wp\/v2\/users\/2"}],"replies":[{"embeddable":true,"href":"https:\/\/moeller-scholz-gbr.de\/es\/wp-json\/wp\/v2\/comments?post=428"}],"version-history":[{"count":84,"href":"https:\/\/moeller-scholz-gbr.de\/es\/wp-json\/wp\/v2\/pages\/428\/revisions"}],"predecessor-version":[{"id":1949,"href":"https:\/\/moeller-scholz-gbr.de\/es\/wp-json\/wp\/v2\/pages\/428\/revisions\/1949"}],"wp:attachment":[{"href":"https:\/\/moeller-scholz-gbr.de\/es\/wp-json\/wp\/v2\/media?parent=428"}],"curies":[{"name":"wp","href":"https:\/\/api.w.org\/{rel}","templated":true}]}}