{"id":428,"date":"2021-03-02T17:03:35","date_gmt":"2021-03-02T16:03:35","guid":{"rendered":"https:\/\/busteile-nord.de\/?page_id=428"},"modified":"2021-11-18T15:25:39","modified_gmt":"2021-11-18T14:25:39","slug":"unser-team","status":"publish","type":"page","link":"https:\/\/moeller-scholz-gbr.de\/fr\/unser-team\/","title":{"rendered":"\u00c0 PROPOS DE NOUS"},"content":{"rendered":"\t\t<div data-elementor-type=\"wp-page\" data-elementor-id=\"428\" class=\"elementor elementor-428\">\n\t\t\t\t\t\t<section class=\"elementor-section elementor-top-section elementor-element elementor-element-64c84ab elementor-section-boxed elementor-section-height-default elementor-section-height-default default-style\" data-id=\"64c84ab\" data-element_type=\"section\" data-e-type=\"section\" data-settings=\"{&quot;background_background&quot;:&quot;classic&quot;,&quot;rt_color_sets&quot;:&quot;default-style&quot;}\">\n\t\t\t\t\t\t<div class=\"elementor-container elementor-column-gap-default\">\n\t\t\t\t\t<div class=\"elementor-column elementor-col-100 elementor-top-column elementor-element elementor-element-3460934\" data-id=\"3460934\" data-element_type=\"column\" data-e-type=\"column\" data-settings=\"{&quot;background_background&quot;:&quot;classic&quot;}\">\n\t\t\t<div class=\"elementor-widget-wrap elementor-element-populated\">\n\t\t\t\t\t\t<div class=\"elementor-element elementor-element-9f56559 elementor-widget elementor-widget-spacer\" data-id=\"9f56559\" data-element_type=\"widget\" data-e-type=\"widget\" data-widget_type=\"spacer.default\">\n\t\t\t\t<div class=\"elementor-widget-container\">\n\t\t\t\t\t\t\t<div class=\"elementor-spacer\">\n\t\t\t<div class=\"elementor-spacer-inner\"><\/div>\n\t\t<\/div>\n\t\t\t\t\t\t<\/div>\n\t\t\t\t<\/div>\n\t\t\t\t<div class=\"elementor-element elementor-element-0ba0734 elementor-widget elementor-widget-heading\" data-id=\"0ba0734\" data-element_type=\"widget\" data-e-type=\"widget\" data-widget_type=\"heading.default\">\n\t\t\t\t<div class=\"elementor-widget-container\">\n\t\t\t\t\t<h2 class=\"elementor-heading-title elementor-size-default\">\u00c0 PROPOS DE NOUS<\/h2>\t\t\t\t<\/div>\n\t\t\t\t<\/div>\n\t\t\t\t<div class=\"elementor-element elementor-element-1a054f1 elementor-widget elementor-widget-heading\" data-id=\"1a054f1\" data-element_type=\"widget\" data-e-type=\"widget\" data-widget_type=\"heading.default\">\n\t\t\t\t<div class=\"elementor-widget-container\">\n\t\t\t\t\t<h3 class=\"elementor-heading-title elementor-size-default\">M\u00f6ller-Scholz GbR<\/h3>\t\t\t\t<\/div>\n\t\t\t\t<\/div>\n\t\t\t\t<div class=\"elementor-element elementor-element-70523cc elementor-widget elementor-widget-spacer\" data-id=\"70523cc\" data-element_type=\"widget\" data-e-type=\"widget\" data-widget_type=\"spacer.default\">\n\t\t\t\t<div class=\"elementor-widget-container\">\n\t\t\t\t\t\t\t<div class=\"elementor-spacer\">\n\t\t\t<div class=\"elementor-spacer-inner\"><\/div>\n\t\t<\/div>\n\t\t\t\t\t\t<\/div>\n\t\t\t\t<\/div>\n\t\t\t\t\t<\/div>\n\t\t<\/div>\n\t\t\t\t\t<\/div>\n\t\t<\/section>\n\t\t\t\t<section class=\"elementor-section elementor-top-section elementor-element elementor-element-ec7d6b0 elementor-section-boxed elementor-section-height-default elementor-section-height-default default-style\" data-id=\"ec7d6b0\" data-element_type=\"section\" data-e-type=\"section\" data-settings=\"{&quot;rt_color_sets&quot;:&quot;default-style&quot;}\">\n\t\t\t\t\t\t<div class=\"elementor-container elementor-column-gap-default\">\n\t\t\t\t\t<div class=\"elementor-column elementor-col-100 elementor-top-column elementor-element elementor-element-971fc6c\" data-id=\"971fc6c\" data-element_type=\"column\" data-e-type=\"column\">\n\t\t\t<div class=\"elementor-widget-wrap elementor-element-populated\">\n\t\t\t\t\t\t<div class=\"elementor-element elementor-element-6ae6ca2 elementor-widget elementor-widget-spacer\" data-id=\"6ae6ca2\" data-element_type=\"widget\" data-e-type=\"widget\" data-widget_type=\"spacer.default\">\n\t\t\t\t<div class=\"elementor-widget-container\">\n\t\t\t\t\t\t\t<div class=\"elementor-spacer\">\n\t\t\t<div class=\"elementor-spacer-inner\"><\/div>\n\t\t<\/div>\n\t\t\t\t\t\t<\/div>\n\t\t\t\t<\/div>\n\t\t\t\t\t<\/div>\n\t\t<\/div>\n\t\t\t\t\t<\/div>\n\t\t<\/section>\n\t\t\t\t<section class=\"elementor-section elementor-top-section elementor-element elementor-element-5f7eba9 elementor-section-boxed elementor-section-height-default elementor-section-height-default default-style\" data-id=\"5f7eba9\" data-element_type=\"section\" data-e-type=\"section\" data-settings=\"{&quot;rt_color_sets&quot;:&quot;default-style&quot;}\">\n\t\t\t\t\t\t<div class=\"elementor-container elementor-column-gap-wide\">\n\t\t\t\t\t<div class=\"elementor-column elementor-col-100 elementor-top-column elementor-element elementor-element-5885544\" data-id=\"5885544\" data-element_type=\"column\" data-e-type=\"column\">\n\t\t\t<div class=\"elementor-widget-wrap elementor-element-populated\">\n\t\t\t\t\t\t<div class=\"elementor-element elementor-element-98d9f28 elementor-widget elementor-widget-heading\" data-id=\"98d9f28\" data-element_type=\"widget\" data-e-type=\"widget\" data-widget_type=\"heading.default\">\n\t\t\t\t<div class=\"elementor-widget-container\">\n\t\t\t\t\t<h2 class=\"elementor-heading-title elementor-size-default\">Jan M\u00f6ller &amp; Hendrick Scholz<\/h2>\t\t\t\t<\/div>\n\t\t\t\t<\/div>\n\t\t\t\t<div class=\"elementor-element elementor-element-2349c58 elementor-widget elementor-widget-heading\" data-id=\"2349c58\" data-element_type=\"widget\" data-e-type=\"widget\" data-widget_type=\"heading.default\">\n\t\t\t\t<div class=\"elementor-widget-container\">\n\t\t\t\t\t<h3 class=\"elementor-heading-title elementor-size-default\">Amis d'enfance - fiables, amicaux, soucieux de la qualit\u00e9<\/h3>\t\t\t\t<\/div>\n\t\t\t\t<\/div>\n\t\t\t\t\t<\/div>\n\t\t<\/div>\n\t\t\t\t\t<\/div>\n\t\t<\/section>\n\t\t\t\t<section class=\"elementor-section elementor-top-section elementor-element elementor-element-8cc5b6e elementor-section-boxed elementor-section-height-default elementor-section-height-default default-style\" data-id=\"8cc5b6e\" data-element_type=\"section\" data-e-type=\"section\" data-settings=\"{&quot;rt_color_sets&quot;:&quot;default-style&quot;}\">\n\t\t\t\t\t\t<div class=\"elementor-container elementor-column-gap-wide\">\n\t\t\t\t\t<div class=\"elementor-column elementor-col-50 elementor-top-column elementor-element elementor-element-40ee9b4\" data-id=\"40ee9b4\" data-element_type=\"column\" data-e-type=\"column\">\n\t\t\t<div class=\"elementor-widget-wrap elementor-element-populated\">\n\t\t\t\t\t\t<div class=\"elementor-element elementor-element-3bb0fd6 elementor-widget elementor-widget-text-editor\" data-id=\"3bb0fd6\" data-element_type=\"widget\" data-e-type=\"widget\" data-widget_type=\"text-editor.default\">\n\t\t\t\t<div class=\"elementor-widget-container\">\n\t\t\t\t\t\t\t\t\t<p>Jan M\u00f6ller et Hendrick Scholz ont fond\u00e9 la \u00ab\u00a0M\u00f6ller-Scholz GbR\u00a0\u00bb \u00e0 Bad Oldesloe en 2013 et n&rsquo;ont cess\u00e9 depuis de d\u00e9velopper le commerce de pi\u00e8ces d\u00e9tach\u00e9es pour bus et camions.<\/p><p>Les fondateurs se connaissent depuis l&rsquo;enfance et ont grandi comme de bons amis au m\u00eame endroit. Tous deux ont toujours \u00e9t\u00e9 ambitieux, ax\u00e9s sur les objectifs et travailleurs.<\/p><p>Avant de cr\u00e9er sa propre entreprise, Jan M\u00f6ller a effectu\u00e9 un apprentissage r\u00e9ussi en tant que technicien en m\u00e9catronique et a exerc\u00e9 cette profession pendant plusieurs ann\u00e9es. Hendrick Scholz est titulaire d&rsquo;un dipl\u00f4me d&rsquo;ing\u00e9nieur industriel.<\/p><p>Un jour, il est devenu clair pour tous les deux qu&rsquo;il y avait une grande demande de pi\u00e8ces de rechange et qu&rsquo;ils avaient la possibilit\u00e9 de d\u00e9monter des bus et d&rsquo;offrir les pi\u00e8ces. Les plans ont rapidement pris forme, et ainsi a commenc\u00e9 \u00ab le massacre des bus \u00bb. La gamme de pi\u00e8ces de rechange est devenue de plus en plus diversifi\u00e9e et \u00e9largie, de sorte qu&rsquo;en 2014, un terrain avec un entrep\u00f4t \u00e0 Bad Oldesloe a \u00e9t\u00e9 achet\u00e9.<\/p><p>Depuis, ils convainquent par leur fiabilit\u00e9, leur convivialit\u00e9 et leur qualit\u00e9.<\/p>\t\t\t\t\t\t\t\t<\/div>\n\t\t\t\t<\/div>\n\t\t\t\t\t<\/div>\n\t\t<\/div>\n\t\t\t\t<div class=\"elementor-column elementor-col-50 elementor-top-column elementor-element elementor-element-c80a620\" data-id=\"c80a620\" data-element_type=\"column\" data-e-type=\"column\">\n\t\t\t<div class=\"elementor-widget-wrap elementor-element-populated\">\n\t\t\t\t\t\t<div class=\"elementor-element elementor-element-67561a1 elementor-widget elementor-widget-image\" data-id=\"67561a1\" data-element_type=\"widget\" data-e-type=\"widget\" data-widget_type=\"image.default\">\n\t\t\t\t<div class=\"elementor-widget-container\">\n\t\t\t\t\t\t\t\t\t\t\t\t\t\t\t<img decoding=\"async\" src=\"https:\/\/moeller-scholz-gbr.de\/fr\/wp-content\/uploads\/sites\/8\/elementor\/thumbs\/Jan-Moeller-Hendrick-Scholz-Freunde-seit-Kindertagen-e1616063239586-pg3fy4phf7l5olsu0jroaxnlbnspx4yvhjs0ee12dq.jpg\" title=\"Jan Moeller, Hendrick Scholz &#8211; Freunde seit Kindertagen\" alt=\"Jan Moeller, Hendrick Scholz - Freunde seit Kindertagen\" loading=\"lazy\" \/>\t\t\t\t\t\t\t\t\t\t\t\t\t\t\t<\/div>\n\t\t\t\t<\/div>\n\t\t\t\t<div class=\"elementor-element elementor-element-242de36 elementor-widget elementor-widget-text-editor\" data-id=\"242de36\" data-element_type=\"widget\" data-e-type=\"widget\" data-widget_type=\"text-editor.default\">\n\t\t\t\t<div class=\"elementor-widget-container\">\n\t\t\t\t\t\t\t\t\t<p>Hendrick Scholz et Jan M\u00f6ller\u00a0<\/p>\t\t\t\t\t\t\t\t<\/div>\n\t\t\t\t<\/div>\n\t\t\t\t\t<\/div>\n\t\t<\/div>\n\t\t\t\t\t<\/div>\n\t\t<\/section>\n\t\t\t\t<section class=\"elementor-section elementor-top-section elementor-element elementor-element-d00ac59 elementor-section-boxed elementor-section-height-default elementor-section-height-default default-style\" data-id=\"d00ac59\" data-element_type=\"section\" data-e-type=\"section\" data-settings=\"{&quot;rt_color_sets&quot;:&quot;default-style&quot;}\">\n\t\t\t\t\t\t<div class=\"elementor-container elementor-column-gap-default\">\n\t\t\t\t\t<div class=\"elementor-column elementor-col-100 elementor-top-column elementor-element elementor-element-31bcc2e\" data-id=\"31bcc2e\" data-element_type=\"column\" data-e-type=\"column\">\n\t\t\t<div class=\"elementor-widget-wrap elementor-element-populated\">\n\t\t\t\t\t\t<div class=\"elementor-element elementor-element-b47c123 elementor-widget elementor-widget-spacer\" data-id=\"b47c123\" data-element_type=\"widget\" data-e-type=\"widget\" data-widget_type=\"spacer.default\">\n\t\t\t\t<div class=\"elementor-widget-container\">\n\t\t\t\t\t\t\t<div class=\"elementor-spacer\">\n\t\t\t<div class=\"elementor-spacer-inner\"><\/div>\n\t\t<\/div>\n\t\t\t\t\t\t<\/div>\n\t\t\t\t<\/div>\n\t\t\t\t\t<\/div>\n\t\t<\/div>\n\t\t\t\t\t<\/div>\n\t\t<\/section>\n\t\t\t\t<\/div>\n\t\t","protected":false},"excerpt":{"rendered":"<p>\u00c0 PROPOS DE NOUS M\u00f6ller-Scholz GbR Jan M\u00f6ller &amp; Hendrick Scholz Amis d&rsquo;enfance &#8211; fiables, amicaux, soucieux de la qualit\u00e9 Jan M\u00f6ller et Hendrick Scholz ont fond\u00e9 la \u00ab\u00a0M\u00f6ller-Scholz GbR\u00a0\u00bb \u00e0 Bad Oldesloe en 2013 et n&rsquo;ont cess\u00e9 depuis de d\u00e9velopper le commerce de pi\u00e8ces d\u00e9tach\u00e9es pour bus et camions. Les fondateurs se connaissent depuis [&hellip;]<\/p>\n","protected":false},"author":2,"featured_media":0,"parent":0,"menu_order":0,"comment_status":"closed","ping_status":"closed","template":"","meta":{"footnotes":""},"class_list":["post-428","page","type-page","status-publish","hentry"],"yoast_head":"<!-- This site is optimized with the Yoast SEO plugin v27.3 - https:\/\/yoast.com\/product\/yoast-seo-wordpress\/ -->\n<title>\u00c0 PROPOS DE NOUS - M\u00f6ller-Scholz GbR<\/title>\n<meta name=\"description\" content=\"M\u00f6ller Scholz GbR : Jan M\u00f6ller et Hendrick Scholz n&#039;ont cess\u00e9 de d\u00e9velopper le secteur des pi\u00e8ces de rechange pour bus et camions depuis 2013.\" \/>\n<meta name=\"robots\" content=\"index, follow, max-snippet:-1, max-image-preview:large, max-video-preview:-1\" \/>\n<link rel=\"canonical\" href=\"https:\/\/moeller-scholz-gbr.de\/fr\/unser-team\/\" \/>\n<meta property=\"og:locale\" content=\"fr_FR\" \/>\n<meta property=\"og:type\" content=\"article\" \/>\n<meta property=\"og:title\" content=\"\u00c0 PROPOS DE NOUS - M\u00f6ller-Scholz GbR\" \/>\n<meta property=\"og:description\" content=\"M\u00f6ller Scholz GbR : Jan M\u00f6ller et Hendrick Scholz n&#039;ont cess\u00e9 de d\u00e9velopper le secteur des pi\u00e8ces de rechange pour bus et camions depuis 2013.\" \/>\n<meta property=\"og:url\" content=\"https:\/\/moeller-scholz-gbr.de\/fr\/unser-team\/\" \/>\n<meta property=\"og:site_name\" content=\"M\u00d6LLER SCHOLZ GBR | FR\" \/>\n<meta property=\"article:modified_time\" content=\"2021-11-18T14:25:39+00:00\" \/>\n<meta property=\"og:image\" content=\"https:\/\/moeller-scholz-gbr.de\/fr\/wp-content\/uploads\/sites\/8\/elementor\/thumbs\/Jan-Moeller-Hendrick-Scholz-Freunde-seit-Kindertagen-e1616063239586-pg3fy4phf7l5olsu0jroaxnlbnspx4yvhjs0ee12e0.jpg\" \/>\n<meta name=\"twitter:card\" content=\"summary_large_image\" \/>\n<meta name=\"twitter:label1\" content=\"Dur\u00e9e de lecture estim\u00e9e\" \/>\n\t<meta name=\"twitter:data1\" content=\"2 minutes\" \/>\n<script type=\"application\/ld+json\" class=\"yoast-schema-graph\">{\"@context\":\"https:\\\/\\\/schema.org\",\"@graph\":[{\"@type\":\"WebPage\",\"@id\":\"https:\\\/\\\/moeller-scholz-gbr.de\\\/fr\\\/unser-team\\\/\",\"url\":\"https:\\\/\\\/moeller-scholz-gbr.de\\\/fr\\\/unser-team\\\/\",\"name\":\"\u00c0 PROPOS DE NOUS - M\u00f6ller-Scholz GbR\",\"isPartOf\":{\"@id\":\"https:\\\/\\\/moeller-scholz-gbr.de\\\/fr\\\/#website\"},\"primaryImageOfPage\":{\"@id\":\"https:\\\/\\\/moeller-scholz-gbr.de\\\/fr\\\/unser-team\\\/#primaryimage\"},\"image\":{\"@id\":\"https:\\\/\\\/moeller-scholz-gbr.de\\\/fr\\\/unser-team\\\/#primaryimage\"},\"thumbnailUrl\":\"https:\\\/\\\/moeller-scholz-gbr.de\\\/fr\\\/wp-content\\\/uploads\\\/sites\\\/8\\\/elementor\\\/thumbs\\\/Jan-Moeller-Hendrick-Scholz-Freunde-seit-Kindertagen-e1616063239586-pg3fy4phf7l5olsu0jroaxnlbnspx4yvhjs0ee12e0.jpg\",\"datePublished\":\"2021-03-02T16:03:35+00:00\",\"dateModified\":\"2021-11-18T14:25:39+00:00\",\"description\":\"M\u00f6ller Scholz GbR : Jan M\u00f6ller et Hendrick Scholz n'ont cess\u00e9 de d\u00e9velopper le secteur des pi\u00e8ces de rechange pour bus et camions depuis 2013.\",\"breadcrumb\":{\"@id\":\"https:\\\/\\\/moeller-scholz-gbr.de\\\/fr\\\/unser-team\\\/#breadcrumb\"},\"inLanguage\":\"fr-FR\",\"potentialAction\":[{\"@type\":\"ReadAction\",\"target\":[\"https:\\\/\\\/moeller-scholz-gbr.de\\\/fr\\\/unser-team\\\/\"]}]},{\"@type\":\"ImageObject\",\"inLanguage\":\"fr-FR\",\"@id\":\"https:\\\/\\\/moeller-scholz-gbr.de\\\/fr\\\/unser-team\\\/#primaryimage\",\"url\":\"https:\\\/\\\/moeller-scholz-gbr.de\\\/fr\\\/wp-content\\\/uploads\\\/sites\\\/8\\\/elementor\\\/thumbs\\\/Jan-Moeller-Hendrick-Scholz-Freunde-seit-Kindertagen-e1616063239586-pg3fy4phf7l5olsu0jroaxnlbnspx4yvhjs0ee12e0.jpg\",\"contentUrl\":\"https:\\\/\\\/moeller-scholz-gbr.de\\\/fr\\\/wp-content\\\/uploads\\\/sites\\\/8\\\/elementor\\\/thumbs\\\/Jan-Moeller-Hendrick-Scholz-Freunde-seit-Kindertagen-e1616063239586-pg3fy4phf7l5olsu0jroaxnlbnspx4yvhjs0ee12e0.jpg\"},{\"@type\":\"BreadcrumbList\",\"@id\":\"https:\\\/\\\/moeller-scholz-gbr.de\\\/fr\\\/unser-team\\\/#breadcrumb\",\"itemListElement\":[{\"@type\":\"ListItem\",\"position\":1,\"name\":\"Startseite\",\"item\":\"https:\\\/\\\/moeller-scholz-gbr.de\\\/fr\\\/\"},{\"@type\":\"ListItem\",\"position\":2,\"name\":\"\u00c0 PROPOS DE NOUS\"}]},{\"@type\":\"WebSite\",\"@id\":\"https:\\\/\\\/moeller-scholz-gbr.de\\\/fr\\\/#website\",\"url\":\"https:\\\/\\\/moeller-scholz-gbr.de\\\/fr\\\/\",\"name\":\"M\u00d6LLER SCHOLZ GBR | FR\",\"description\":\"Bus &amp; Truck Parts\",\"potentialAction\":[{\"@type\":\"SearchAction\",\"target\":{\"@type\":\"EntryPoint\",\"urlTemplate\":\"https:\\\/\\\/moeller-scholz-gbr.de\\\/fr\\\/?s={search_term_string}\"},\"query-input\":{\"@type\":\"PropertyValueSpecification\",\"valueRequired\":true,\"valueName\":\"search_term_string\"}}],\"inLanguage\":\"fr-FR\"}]}<\/script>\n<!-- \/ Yoast SEO plugin. -->","yoast_head_json":{"title":"\u00c0 PROPOS DE NOUS - M\u00f6ller-Scholz GbR","description":"M\u00f6ller Scholz GbR : Jan M\u00f6ller et Hendrick Scholz n'ont cess\u00e9 de d\u00e9velopper le secteur des pi\u00e8ces de rechange pour bus et camions depuis 2013.","robots":{"index":"index","follow":"follow","max-snippet":"max-snippet:-1","max-image-preview":"max-image-preview:large","max-video-preview":"max-video-preview:-1"},"canonical":"https:\/\/moeller-scholz-gbr.de\/fr\/unser-team\/","og_locale":"fr_FR","og_type":"article","og_title":"\u00c0 PROPOS DE NOUS - M\u00f6ller-Scholz GbR","og_description":"M\u00f6ller Scholz GbR : Jan M\u00f6ller et Hendrick Scholz n'ont cess\u00e9 de d\u00e9velopper le secteur des pi\u00e8ces de rechange pour bus et camions depuis 2013.","og_url":"https:\/\/moeller-scholz-gbr.de\/fr\/unser-team\/","og_site_name":"M\u00d6LLER SCHOLZ GBR | FR","article_modified_time":"2021-11-18T14:25:39+00:00","og_image":[{"url":"https:\/\/moeller-scholz-gbr.de\/fr\/wp-content\/uploads\/sites\/8\/elementor\/thumbs\/Jan-Moeller-Hendrick-Scholz-Freunde-seit-Kindertagen-e1616063239586-pg3fy4phf7l5olsu0jroaxnlbnspx4yvhjs0ee12e0.jpg","type":"","width":"","height":""}],"twitter_card":"summary_large_image","twitter_misc":{"Dur\u00e9e de lecture estim\u00e9e":"2 minutes"},"schema":{"@context":"https:\/\/schema.org","@graph":[{"@type":"WebPage","@id":"https:\/\/moeller-scholz-gbr.de\/fr\/unser-team\/","url":"https:\/\/moeller-scholz-gbr.de\/fr\/unser-team\/","name":"\u00c0 PROPOS DE NOUS - M\u00f6ller-Scholz GbR","isPartOf":{"@id":"https:\/\/moeller-scholz-gbr.de\/fr\/#website"},"primaryImageOfPage":{"@id":"https:\/\/moeller-scholz-gbr.de\/fr\/unser-team\/#primaryimage"},"image":{"@id":"https:\/\/moeller-scholz-gbr.de\/fr\/unser-team\/#primaryimage"},"thumbnailUrl":"https:\/\/moeller-scholz-gbr.de\/fr\/wp-content\/uploads\/sites\/8\/elementor\/thumbs\/Jan-Moeller-Hendrick-Scholz-Freunde-seit-Kindertagen-e1616063239586-pg3fy4phf7l5olsu0jroaxnlbnspx4yvhjs0ee12e0.jpg","datePublished":"2021-03-02T16:03:35+00:00","dateModified":"2021-11-18T14:25:39+00:00","description":"M\u00f6ller Scholz GbR : Jan M\u00f6ller et Hendrick Scholz n'ont cess\u00e9 de d\u00e9velopper le secteur des pi\u00e8ces de rechange pour bus et camions depuis 2013.","breadcrumb":{"@id":"https:\/\/moeller-scholz-gbr.de\/fr\/unser-team\/#breadcrumb"},"inLanguage":"fr-FR","potentialAction":[{"@type":"ReadAction","target":["https:\/\/moeller-scholz-gbr.de\/fr\/unser-team\/"]}]},{"@type":"ImageObject","inLanguage":"fr-FR","@id":"https:\/\/moeller-scholz-gbr.de\/fr\/unser-team\/#primaryimage","url":"https:\/\/moeller-scholz-gbr.de\/fr\/wp-content\/uploads\/sites\/8\/elementor\/thumbs\/Jan-Moeller-Hendrick-Scholz-Freunde-seit-Kindertagen-e1616063239586-pg3fy4phf7l5olsu0jroaxnlbnspx4yvhjs0ee12e0.jpg","contentUrl":"https:\/\/moeller-scholz-gbr.de\/fr\/wp-content\/uploads\/sites\/8\/elementor\/thumbs\/Jan-Moeller-Hendrick-Scholz-Freunde-seit-Kindertagen-e1616063239586-pg3fy4phf7l5olsu0jroaxnlbnspx4yvhjs0ee12e0.jpg"},{"@type":"BreadcrumbList","@id":"https:\/\/moeller-scholz-gbr.de\/fr\/unser-team\/#breadcrumb","itemListElement":[{"@type":"ListItem","position":1,"name":"Startseite","item":"https:\/\/moeller-scholz-gbr.de\/fr\/"},{"@type":"ListItem","position":2,"name":"\u00c0 PROPOS DE NOUS"}]},{"@type":"WebSite","@id":"https:\/\/moeller-scholz-gbr.de\/fr\/#website","url":"https:\/\/moeller-scholz-gbr.de\/fr\/","name":"M\u00d6LLER SCHOLZ GBR | FR","description":"Bus &amp; Truck Parts","potentialAction":[{"@type":"SearchAction","target":{"@type":"EntryPoint","urlTemplate":"https:\/\/moeller-scholz-gbr.de\/fr\/?s={search_term_string}"},"query-input":{"@type":"PropertyValueSpecification","valueRequired":true,"valueName":"search_term_string"}}],"inLanguage":"fr-FR"}]}},"_links":{"self":[{"href":"https:\/\/moeller-scholz-gbr.de\/fr\/wp-json\/wp\/v2\/pages\/428","targetHints":{"allow":["GET"]}}],"collection":[{"href":"https:\/\/moeller-scholz-gbr.de\/fr\/wp-json\/wp\/v2\/pages"}],"about":[{"href":"https:\/\/moeller-scholz-gbr.de\/fr\/wp-json\/wp\/v2\/types\/page"}],"author":[{"embeddable":true,"href":"https:\/\/moeller-scholz-gbr.de\/fr\/wp-json\/wp\/v2\/users\/2"}],"replies":[{"embeddable":true,"href":"https:\/\/moeller-scholz-gbr.de\/fr\/wp-json\/wp\/v2\/comments?post=428"}],"version-history":[{"count":84,"href":"https:\/\/moeller-scholz-gbr.de\/fr\/wp-json\/wp\/v2\/pages\/428\/revisions"}],"predecessor-version":[{"id":1948,"href":"https:\/\/moeller-scholz-gbr.de\/fr\/wp-json\/wp\/v2\/pages\/428\/revisions\/1948"}],"wp:attachment":[{"href":"https:\/\/moeller-scholz-gbr.de\/fr\/wp-json\/wp\/v2\/media?parent=428"}],"curies":[{"name":"wp","href":"https:\/\/api.w.org\/{rel}","templated":true}]}}