{"id":442,"date":"2021-03-02T17:27:34","date_gmt":"2021-03-02T16:27:34","guid":{"rendered":"https:\/\/busteile-nord.de\/?page_id=442"},"modified":"2021-11-18T11:34:56","modified_gmt":"2021-11-18T10:34:56","slug":"kontakt","status":"publish","type":"page","link":"https:\/\/moeller-scholz-gbr.de\/gr\/kontakt\/","title":{"rendered":"\u0395\u03c0\u03b9\u03ba\u03bf\u03b9\u03bd\u03c9\u03bd\u03af\u03b1"},"content":{"rendered":"\t\t<div data-elementor-type=\"wp-page\" data-elementor-id=\"442\" class=\"elementor elementor-442\">\n\t\t\t\t\t\t<section class=\"elementor-section elementor-top-section elementor-element elementor-element-0eafe8c elementor-section-boxed elementor-section-height-default elementor-section-height-default default-style\" data-id=\"0eafe8c\" data-element_type=\"section\" data-e-type=\"section\" data-settings=\"{&quot;rt_color_sets&quot;:&quot;default-style&quot;}\">\n\t\t\t\t\t\t<div class=\"elementor-container elementor-column-gap-default\">\n\t\t\t\t\t<div class=\"elementor-column elementor-col-100 elementor-top-column elementor-element elementor-element-5886cdd\" data-id=\"5886cdd\" data-element_type=\"column\" data-e-type=\"column\">\n\t\t\t<div class=\"elementor-widget-wrap elementor-element-populated\">\n\t\t\t\t\t\t<div class=\"elementor-element elementor-element-635168f elementor-widget elementor-widget-spacer\" data-id=\"635168f\" data-element_type=\"widget\" data-e-type=\"widget\" data-widget_type=\"spacer.default\">\n\t\t\t\t<div class=\"elementor-widget-container\">\n\t\t\t\t\t\t\t<div class=\"elementor-spacer\">\n\t\t\t<div class=\"elementor-spacer-inner\"><\/div>\n\t\t<\/div>\n\t\t\t\t\t\t<\/div>\n\t\t\t\t<\/div>\n\t\t\t\t<div class=\"elementor-element elementor-element-229bd4e elementor-widget elementor-widget-text-editor\" data-id=\"229bd4e\" data-element_type=\"widget\" data-e-type=\"widget\" data-widget_type=\"text-editor.default\">\n\t\t\t\t<div class=\"elementor-widget-container\">\n\t\t\t\t\t\t\t\t\t<h2 style=\"text-align: center;\">\u0395\u03c0\u03b9\u03ba\u03bf\u03b9\u03bd\u03c9\u03bd\u03af\u03b1<\/h2><div style=\"text-align: center;\"><span data-inject=\"semantic-FullAddress\">M\u00f6ller-Scholz-GbR<\/span><\/div><div style=\"text-align: center;\"><span data-inject=\"semantic-FullAddress\">Poggensee 4c &#8211; B\u00fcro<br \/>23843 Bad Oldesloe, Germany<\/span><\/div><div style=\"text-align: center;\"><span data-inject=\"semantic-FullAddress\"><br \/>B\u00fcro \/ Office: +49 4531 897422<br \/><\/span><span data-inject=\"semantic-PhoneNumber\">Mobile: +49 162 7344613 (Herr M\u00f6ller)<br \/>Mobile: +49 163 7301561 (Herr Scholz)<br \/><\/span><\/div><div>\u00a0<\/div><div style=\"text-align: center;\"><span data-inject=\"semantic-PhoneNumber\">E-Mail: <a href=\"mailto:info@moeller-scholz-gbr.de\/gr\" target=\"_blank\" rel=\"noopener\">info@moeller-scholz-gbr.de\/gr<\/a><\/span><\/div>\t\t\t\t\t\t\t\t<\/div>\n\t\t\t\t<\/div>\n\t\t\t\t<div class=\"elementor-element elementor-element-ecddb3a elementor-widget elementor-widget-spacer\" data-id=\"ecddb3a\" data-element_type=\"widget\" data-e-type=\"widget\" data-widget_type=\"spacer.default\">\n\t\t\t\t<div class=\"elementor-widget-container\">\n\t\t\t\t\t\t\t<div class=\"elementor-spacer\">\n\t\t\t<div class=\"elementor-spacer-inner\"><\/div>\n\t\t<\/div>\n\t\t\t\t\t\t<\/div>\n\t\t\t\t<\/div>\n\t\t\t\t\t<\/div>\n\t\t<\/div>\n\t\t\t\t\t<\/div>\n\t\t<\/section>\n\t\t\t\t<section class=\"elementor-section elementor-top-section elementor-element elementor-element-0b4ed0e elementor-section-boxed elementor-section-height-default elementor-section-height-default default-style\" data-id=\"0b4ed0e\" data-element_type=\"section\" data-e-type=\"section\" data-settings=\"{&quot;rt_color_sets&quot;:&quot;default-style&quot;}\">\n\t\t\t\t\t\t<div class=\"elementor-container elementor-column-gap-default\">\n\t\t\t\t\t<div class=\"elementor-column elementor-col-100 elementor-top-column elementor-element elementor-element-37fddc3\" data-id=\"37fddc3\" data-element_type=\"column\" data-e-type=\"column\">\n\t\t\t<div class=\"elementor-widget-wrap\">\n\t\t\t\t\t\t\t<\/div>\n\t\t<\/div>\n\t\t\t\t\t<\/div>\n\t\t<\/section>\n\t\t\t\t<\/div>\n\t\t","protected":false},"excerpt":{"rendered":"<p>\u0395\u03c0\u03b9\u03ba\u03bf\u03b9\u03bd\u03c9\u03bd\u03af\u03b1 M\u00f6ller-Scholz-GbRPoggensee 4c &#8211; B\u00fcro 23843 Bad Oldesloe, Germany B\u00fcro \/ Office: +49 4531 897422 Mobile: +49 162 7344613 (Herr M\u00f6ller) Mobile: +49 163 7301561 (Herr Scholz) &nbsp;E-Mail: info@moeller-scholz-gbr.de\/gr<\/p>\n","protected":false},"author":2,"featured_media":0,"parent":0,"menu_order":0,"comment_status":"closed","ping_status":"closed","template":"","meta":{"footnotes":""},"class_list":["post-442","page","type-page","status-publish","hentry"],"yoast_head":"<!-- This site is optimized with the Yoast SEO plugin v27.3 - https:\/\/yoast.com\/product\/yoast-seo-wordpress\/ -->\n<title>\u0395\u03c0\u03b9\u03ba\u03bf\u03b9\u03bd\u03c9\u03bd\u03ae\u03c3\u03c4\u03b5 \u03bc\u03b5 \u03c4\u03bf M\u00f6ller-Scholz GbR<\/title>\n<meta name=\"description\" content=\"\u03bb\u03b5\u03c9\u03c6\u03bf\u03c1\u03b5\u03af\u03bf \u03ba\u03b1\u03b9 \u03c6\u03bf\u03c1\u03c4\u03b7\u03b3\u03cc: \u0388\u03c7\u03bf\u03c5\u03bc\u03b5 \u03ba\u03b1\u03bb\u03ac \u03b4\u03b9\u03b1\u03c4\u03b7\u03c1\u03b7\u03bc\u03ad\u03bd\u03b1 \u03b1\u03bd\u03c4\u03b1\u03bb\u03bb\u03b1\u03ba\u03c4\u03b9\u03ba\u03ac \u03b3\u03b9\u03b1 \u03bb\u03b5\u03c9\u03c6\u03bf\u03c1\u03b5\u03af\u03b1 \u03ba\u03b1\u03b9 \u03c6\u03bf\u03c1\u03c4\u03b7\u03b3\u03ac \u03c3\u03b5 \u03b1\u03c0\u03cc\u03b8\u03b5\u03bc\u03b1, \u03b5\u03c0\u03b9\u03ba\u03bf\u03b9\u03bd\u03c9\u03bd\u03ae\u03c3\u03c4\u03b5 \u03bc\u03b1\u03b6\u03af \u03bc\u03b1\u03c2.\" \/>\n<meta name=\"robots\" content=\"index, follow, max-snippet:-1, max-image-preview:large, max-video-preview:-1\" \/>\n<link rel=\"canonical\" href=\"https:\/\/moeller-scholz-gbr.de\/gr\/kontakt\/\" \/>\n<meta property=\"og:locale\" content=\"el_GR\" \/>\n<meta property=\"og:type\" content=\"article\" \/>\n<meta property=\"og:title\" content=\"\u0395\u03c0\u03b9\u03ba\u03bf\u03b9\u03bd\u03c9\u03bd\u03ae\u03c3\u03c4\u03b5 \u03bc\u03b5 \u03c4\u03bf M\u00f6ller-Scholz GbR\" \/>\n<meta property=\"og:description\" content=\"\u03bb\u03b5\u03c9\u03c6\u03bf\u03c1\u03b5\u03af\u03bf \u03ba\u03b1\u03b9 \u03c6\u03bf\u03c1\u03c4\u03b7\u03b3\u03cc: \u0388\u03c7\u03bf\u03c5\u03bc\u03b5 \u03ba\u03b1\u03bb\u03ac \u03b4\u03b9\u03b1\u03c4\u03b7\u03c1\u03b7\u03bc\u03ad\u03bd\u03b1 \u03b1\u03bd\u03c4\u03b1\u03bb\u03bb\u03b1\u03ba\u03c4\u03b9\u03ba\u03ac \u03b3\u03b9\u03b1 \u03bb\u03b5\u03c9\u03c6\u03bf\u03c1\u03b5\u03af\u03b1 \u03ba\u03b1\u03b9 \u03c6\u03bf\u03c1\u03c4\u03b7\u03b3\u03ac \u03c3\u03b5 \u03b1\u03c0\u03cc\u03b8\u03b5\u03bc\u03b1, \u03b5\u03c0\u03b9\u03ba\u03bf\u03b9\u03bd\u03c9\u03bd\u03ae\u03c3\u03c4\u03b5 \u03bc\u03b1\u03b6\u03af \u03bc\u03b1\u03c2.\" \/>\n<meta property=\"og:url\" content=\"https:\/\/moeller-scholz-gbr.de\/gr\/kontakt\/\" \/>\n<meta property=\"og:site_name\" content=\"M\u00d6LLER SCHOLZ GBR | GR\" \/>\n<meta property=\"article:modified_time\" content=\"2021-11-18T10:34:56+00:00\" \/>\n<meta name=\"twitter:card\" content=\"summary_large_image\" \/>\n<meta name=\"twitter:label1\" content=\"\u0395\u03ba\u03c4\u03b9\u03bc\u03ce\u03bc\u03b5\u03bd\u03bf\u03c2 \u03c7\u03c1\u03cc\u03bd\u03bf\u03c2 \u03b1\u03bd\u03ac\u03b3\u03bd\u03c9\u03c3\u03b7\u03c2\" \/>\n\t<meta name=\"twitter:data1\" content=\"1 \u03bb\u03b5\u03c0\u03c4\u03cc\" \/>\n<script type=\"application\/ld+json\" class=\"yoast-schema-graph\">{\"@context\":\"https:\\\/\\\/schema.org\",\"@graph\":[{\"@type\":\"WebPage\",\"@id\":\"https:\\\/\\\/moeller-scholz-gbr.de\\\/gr\\\/kontakt\\\/\",\"url\":\"https:\\\/\\\/moeller-scholz-gbr.de\\\/gr\\\/kontakt\\\/\",\"name\":\"\u0395\u03c0\u03b9\u03ba\u03bf\u03b9\u03bd\u03c9\u03bd\u03ae\u03c3\u03c4\u03b5 \u03bc\u03b5 \u03c4\u03bf M\u00f6ller-Scholz GbR\",\"isPartOf\":{\"@id\":\"https:\\\/\\\/moeller-scholz-gbr.de\\\/gr\\\/#website\"},\"datePublished\":\"2021-03-02T16:27:34+00:00\",\"dateModified\":\"2021-11-18T10:34:56+00:00\",\"description\":\"\u03bb\u03b5\u03c9\u03c6\u03bf\u03c1\u03b5\u03af\u03bf \u03ba\u03b1\u03b9 \u03c6\u03bf\u03c1\u03c4\u03b7\u03b3\u03cc: \u0388\u03c7\u03bf\u03c5\u03bc\u03b5 \u03ba\u03b1\u03bb\u03ac \u03b4\u03b9\u03b1\u03c4\u03b7\u03c1\u03b7\u03bc\u03ad\u03bd\u03b1 \u03b1\u03bd\u03c4\u03b1\u03bb\u03bb\u03b1\u03ba\u03c4\u03b9\u03ba\u03ac \u03b3\u03b9\u03b1 \u03bb\u03b5\u03c9\u03c6\u03bf\u03c1\u03b5\u03af\u03b1 \u03ba\u03b1\u03b9 \u03c6\u03bf\u03c1\u03c4\u03b7\u03b3\u03ac \u03c3\u03b5 \u03b1\u03c0\u03cc\u03b8\u03b5\u03bc\u03b1, \u03b5\u03c0\u03b9\u03ba\u03bf\u03b9\u03bd\u03c9\u03bd\u03ae\u03c3\u03c4\u03b5 \u03bc\u03b1\u03b6\u03af \u03bc\u03b1\u03c2.\",\"breadcrumb\":{\"@id\":\"https:\\\/\\\/moeller-scholz-gbr.de\\\/gr\\\/kontakt\\\/#breadcrumb\"},\"inLanguage\":\"el\",\"potentialAction\":[{\"@type\":\"ReadAction\",\"target\":[\"https:\\\/\\\/moeller-scholz-gbr.de\\\/gr\\\/kontakt\\\/\"]}]},{\"@type\":\"BreadcrumbList\",\"@id\":\"https:\\\/\\\/moeller-scholz-gbr.de\\\/gr\\\/kontakt\\\/#breadcrumb\",\"itemListElement\":[{\"@type\":\"ListItem\",\"position\":1,\"name\":\"Startseite\",\"item\":\"https:\\\/\\\/moeller-scholz-gbr.de\\\/gr\\\/\"},{\"@type\":\"ListItem\",\"position\":2,\"name\":\"\u0395\u03c0\u03b9\u03ba\u03bf\u03b9\u03bd\u03c9\u03bd\u03af\u03b1\"}]},{\"@type\":\"WebSite\",\"@id\":\"https:\\\/\\\/moeller-scholz-gbr.de\\\/gr\\\/#website\",\"url\":\"https:\\\/\\\/moeller-scholz-gbr.de\\\/gr\\\/\",\"name\":\"M\u00d6LLER SCHOLZ GBR | GR\",\"description\":\"Bus &amp; Truck Parts\",\"potentialAction\":[{\"@type\":\"SearchAction\",\"target\":{\"@type\":\"EntryPoint\",\"urlTemplate\":\"https:\\\/\\\/moeller-scholz-gbr.de\\\/gr\\\/?s={search_term_string}\"},\"query-input\":{\"@type\":\"PropertyValueSpecification\",\"valueRequired\":true,\"valueName\":\"search_term_string\"}}],\"inLanguage\":\"el\"}]}<\/script>\n<!-- \/ Yoast SEO plugin. -->","yoast_head_json":{"title":"\u0395\u03c0\u03b9\u03ba\u03bf\u03b9\u03bd\u03c9\u03bd\u03ae\u03c3\u03c4\u03b5 \u03bc\u03b5 \u03c4\u03bf M\u00f6ller-Scholz GbR","description":"\u03bb\u03b5\u03c9\u03c6\u03bf\u03c1\u03b5\u03af\u03bf \u03ba\u03b1\u03b9 \u03c6\u03bf\u03c1\u03c4\u03b7\u03b3\u03cc: \u0388\u03c7\u03bf\u03c5\u03bc\u03b5 \u03ba\u03b1\u03bb\u03ac \u03b4\u03b9\u03b1\u03c4\u03b7\u03c1\u03b7\u03bc\u03ad\u03bd\u03b1 \u03b1\u03bd\u03c4\u03b1\u03bb\u03bb\u03b1\u03ba\u03c4\u03b9\u03ba\u03ac \u03b3\u03b9\u03b1 \u03bb\u03b5\u03c9\u03c6\u03bf\u03c1\u03b5\u03af\u03b1 \u03ba\u03b1\u03b9 \u03c6\u03bf\u03c1\u03c4\u03b7\u03b3\u03ac \u03c3\u03b5 \u03b1\u03c0\u03cc\u03b8\u03b5\u03bc\u03b1, \u03b5\u03c0\u03b9\u03ba\u03bf\u03b9\u03bd\u03c9\u03bd\u03ae\u03c3\u03c4\u03b5 \u03bc\u03b1\u03b6\u03af \u03bc\u03b1\u03c2.","robots":{"index":"index","follow":"follow","max-snippet":"max-snippet:-1","max-image-preview":"max-image-preview:large","max-video-preview":"max-video-preview:-1"},"canonical":"https:\/\/moeller-scholz-gbr.de\/gr\/kontakt\/","og_locale":"el_GR","og_type":"article","og_title":"\u0395\u03c0\u03b9\u03ba\u03bf\u03b9\u03bd\u03c9\u03bd\u03ae\u03c3\u03c4\u03b5 \u03bc\u03b5 \u03c4\u03bf M\u00f6ller-Scholz GbR","og_description":"\u03bb\u03b5\u03c9\u03c6\u03bf\u03c1\u03b5\u03af\u03bf \u03ba\u03b1\u03b9 \u03c6\u03bf\u03c1\u03c4\u03b7\u03b3\u03cc: \u0388\u03c7\u03bf\u03c5\u03bc\u03b5 \u03ba\u03b1\u03bb\u03ac \u03b4\u03b9\u03b1\u03c4\u03b7\u03c1\u03b7\u03bc\u03ad\u03bd\u03b1 \u03b1\u03bd\u03c4\u03b1\u03bb\u03bb\u03b1\u03ba\u03c4\u03b9\u03ba\u03ac \u03b3\u03b9\u03b1 \u03bb\u03b5\u03c9\u03c6\u03bf\u03c1\u03b5\u03af\u03b1 \u03ba\u03b1\u03b9 \u03c6\u03bf\u03c1\u03c4\u03b7\u03b3\u03ac \u03c3\u03b5 \u03b1\u03c0\u03cc\u03b8\u03b5\u03bc\u03b1, \u03b5\u03c0\u03b9\u03ba\u03bf\u03b9\u03bd\u03c9\u03bd\u03ae\u03c3\u03c4\u03b5 \u03bc\u03b1\u03b6\u03af \u03bc\u03b1\u03c2.","og_url":"https:\/\/moeller-scholz-gbr.de\/gr\/kontakt\/","og_site_name":"M\u00d6LLER SCHOLZ GBR | GR","article_modified_time":"2021-11-18T10:34:56+00:00","twitter_card":"summary_large_image","twitter_misc":{"\u0395\u03ba\u03c4\u03b9\u03bc\u03ce\u03bc\u03b5\u03bd\u03bf\u03c2 \u03c7\u03c1\u03cc\u03bd\u03bf\u03c2 \u03b1\u03bd\u03ac\u03b3\u03bd\u03c9\u03c3\u03b7\u03c2":"1 \u03bb\u03b5\u03c0\u03c4\u03cc"},"schema":{"@context":"https:\/\/schema.org","@graph":[{"@type":"WebPage","@id":"https:\/\/moeller-scholz-gbr.de\/gr\/kontakt\/","url":"https:\/\/moeller-scholz-gbr.de\/gr\/kontakt\/","name":"\u0395\u03c0\u03b9\u03ba\u03bf\u03b9\u03bd\u03c9\u03bd\u03ae\u03c3\u03c4\u03b5 \u03bc\u03b5 \u03c4\u03bf M\u00f6ller-Scholz GbR","isPartOf":{"@id":"https:\/\/moeller-scholz-gbr.de\/gr\/#website"},"datePublished":"2021-03-02T16:27:34+00:00","dateModified":"2021-11-18T10:34:56+00:00","description":"\u03bb\u03b5\u03c9\u03c6\u03bf\u03c1\u03b5\u03af\u03bf \u03ba\u03b1\u03b9 \u03c6\u03bf\u03c1\u03c4\u03b7\u03b3\u03cc: \u0388\u03c7\u03bf\u03c5\u03bc\u03b5 \u03ba\u03b1\u03bb\u03ac \u03b4\u03b9\u03b1\u03c4\u03b7\u03c1\u03b7\u03bc\u03ad\u03bd\u03b1 \u03b1\u03bd\u03c4\u03b1\u03bb\u03bb\u03b1\u03ba\u03c4\u03b9\u03ba\u03ac \u03b3\u03b9\u03b1 \u03bb\u03b5\u03c9\u03c6\u03bf\u03c1\u03b5\u03af\u03b1 \u03ba\u03b1\u03b9 \u03c6\u03bf\u03c1\u03c4\u03b7\u03b3\u03ac \u03c3\u03b5 \u03b1\u03c0\u03cc\u03b8\u03b5\u03bc\u03b1, \u03b5\u03c0\u03b9\u03ba\u03bf\u03b9\u03bd\u03c9\u03bd\u03ae\u03c3\u03c4\u03b5 \u03bc\u03b1\u03b6\u03af \u03bc\u03b1\u03c2.","breadcrumb":{"@id":"https:\/\/moeller-scholz-gbr.de\/gr\/kontakt\/#breadcrumb"},"inLanguage":"el","potentialAction":[{"@type":"ReadAction","target":["https:\/\/moeller-scholz-gbr.de\/gr\/kontakt\/"]}]},{"@type":"BreadcrumbList","@id":"https:\/\/moeller-scholz-gbr.de\/gr\/kontakt\/#breadcrumb","itemListElement":[{"@type":"ListItem","position":1,"name":"Startseite","item":"https:\/\/moeller-scholz-gbr.de\/gr\/"},{"@type":"ListItem","position":2,"name":"\u0395\u03c0\u03b9\u03ba\u03bf\u03b9\u03bd\u03c9\u03bd\u03af\u03b1"}]},{"@type":"WebSite","@id":"https:\/\/moeller-scholz-gbr.de\/gr\/#website","url":"https:\/\/moeller-scholz-gbr.de\/gr\/","name":"M\u00d6LLER SCHOLZ GBR | GR","description":"Bus &amp; Truck Parts","potentialAction":[{"@type":"SearchAction","target":{"@type":"EntryPoint","urlTemplate":"https:\/\/moeller-scholz-gbr.de\/gr\/?s={search_term_string}"},"query-input":{"@type":"PropertyValueSpecification","valueRequired":true,"valueName":"search_term_string"}}],"inLanguage":"el"}]}},"_links":{"self":[{"href":"https:\/\/moeller-scholz-gbr.de\/gr\/wp-json\/wp\/v2\/pages\/442","targetHints":{"allow":["GET"]}}],"collection":[{"href":"https:\/\/moeller-scholz-gbr.de\/gr\/wp-json\/wp\/v2\/pages"}],"about":[{"href":"https:\/\/moeller-scholz-gbr.de\/gr\/wp-json\/wp\/v2\/types\/page"}],"author":[{"embeddable":true,"href":"https:\/\/moeller-scholz-gbr.de\/gr\/wp-json\/wp\/v2\/users\/2"}],"replies":[{"embeddable":true,"href":"https:\/\/moeller-scholz-gbr.de\/gr\/wp-json\/wp\/v2\/comments?post=442"}],"version-history":[{"count":23,"href":"https:\/\/moeller-scholz-gbr.de\/gr\/wp-json\/wp\/v2\/pages\/442\/revisions"}],"predecessor-version":[{"id":1968,"href":"https:\/\/moeller-scholz-gbr.de\/gr\/wp-json\/wp\/v2\/pages\/442\/revisions\/1968"}],"wp:attachment":[{"href":"https:\/\/moeller-scholz-gbr.de\/gr\/wp-json\/wp\/v2\/media?parent=442"}],"curies":[{"name":"wp","href":"https:\/\/api.w.org\/{rel}","templated":true}]}}