{"id":428,"date":"2021-03-02T17:03:35","date_gmt":"2021-03-02T16:03:35","guid":{"rendered":"https:\/\/busteile-nord.de\/?page_id=428"},"modified":"2021-11-23T10:10:54","modified_gmt":"2021-11-23T09:10:54","slug":"unser-team","status":"publish","type":"page","link":"https:\/\/moeller-scholz-gbr.de\/pl\/unser-team\/","title":{"rendered":"O NAS"},"content":{"rendered":"\t\t<div data-elementor-type=\"wp-page\" data-elementor-id=\"428\" class=\"elementor elementor-428\">\n\t\t\t\t\t\t<section class=\"elementor-section elementor-top-section elementor-element elementor-element-64c84ab elementor-section-boxed elementor-section-height-default elementor-section-height-default default-style\" data-id=\"64c84ab\" data-element_type=\"section\" data-e-type=\"section\" data-settings=\"{&quot;background_background&quot;:&quot;classic&quot;,&quot;rt_color_sets&quot;:&quot;default-style&quot;}\">\n\t\t\t\t\t\t<div class=\"elementor-container elementor-column-gap-default\">\n\t\t\t\t\t<div class=\"elementor-column elementor-col-100 elementor-top-column elementor-element elementor-element-3460934\" data-id=\"3460934\" data-element_type=\"column\" data-e-type=\"column\" data-settings=\"{&quot;background_background&quot;:&quot;classic&quot;}\">\n\t\t\t<div class=\"elementor-widget-wrap elementor-element-populated\">\n\t\t\t\t\t\t<div class=\"elementor-element elementor-element-9f56559 elementor-widget elementor-widget-spacer\" data-id=\"9f56559\" data-element_type=\"widget\" data-e-type=\"widget\" data-widget_type=\"spacer.default\">\n\t\t\t\t<div class=\"elementor-widget-container\">\n\t\t\t\t\t\t\t<div class=\"elementor-spacer\">\n\t\t\t<div class=\"elementor-spacer-inner\"><\/div>\n\t\t<\/div>\n\t\t\t\t\t\t<\/div>\n\t\t\t\t<\/div>\n\t\t\t\t<div class=\"elementor-element elementor-element-0ba0734 elementor-widget elementor-widget-heading\" data-id=\"0ba0734\" data-element_type=\"widget\" data-e-type=\"widget\" data-widget_type=\"heading.default\">\n\t\t\t\t<div class=\"elementor-widget-container\">\n\t\t\t\t\t<h2 class=\"elementor-heading-title elementor-size-default\">O NAS\n<\/h2>\t\t\t\t<\/div>\n\t\t\t\t<\/div>\n\t\t\t\t<div class=\"elementor-element elementor-element-1a054f1 elementor-widget elementor-widget-heading\" data-id=\"1a054f1\" data-element_type=\"widget\" data-e-type=\"widget\" data-widget_type=\"heading.default\">\n\t\t\t\t<div class=\"elementor-widget-container\">\n\t\t\t\t\t<h3 class=\"elementor-heading-title elementor-size-default\">M\u00f6ller-Scholz GbR<\/h3>\t\t\t\t<\/div>\n\t\t\t\t<\/div>\n\t\t\t\t<div class=\"elementor-element elementor-element-70523cc elementor-widget elementor-widget-spacer\" data-id=\"70523cc\" data-element_type=\"widget\" data-e-type=\"widget\" data-widget_type=\"spacer.default\">\n\t\t\t\t<div class=\"elementor-widget-container\">\n\t\t\t\t\t\t\t<div class=\"elementor-spacer\">\n\t\t\t<div class=\"elementor-spacer-inner\"><\/div>\n\t\t<\/div>\n\t\t\t\t\t\t<\/div>\n\t\t\t\t<\/div>\n\t\t\t\t\t<\/div>\n\t\t<\/div>\n\t\t\t\t\t<\/div>\n\t\t<\/section>\n\t\t\t\t<section class=\"elementor-section elementor-top-section elementor-element elementor-element-ec7d6b0 elementor-section-boxed elementor-section-height-default elementor-section-height-default default-style\" data-id=\"ec7d6b0\" data-element_type=\"section\" data-e-type=\"section\" data-settings=\"{&quot;rt_color_sets&quot;:&quot;default-style&quot;}\">\n\t\t\t\t\t\t<div class=\"elementor-container elementor-column-gap-default\">\n\t\t\t\t\t<div class=\"elementor-column elementor-col-100 elementor-top-column elementor-element elementor-element-971fc6c\" data-id=\"971fc6c\" data-element_type=\"column\" data-e-type=\"column\">\n\t\t\t<div class=\"elementor-widget-wrap elementor-element-populated\">\n\t\t\t\t\t\t<div class=\"elementor-element elementor-element-6ae6ca2 elementor-widget elementor-widget-spacer\" data-id=\"6ae6ca2\" data-element_type=\"widget\" data-e-type=\"widget\" data-widget_type=\"spacer.default\">\n\t\t\t\t<div class=\"elementor-widget-container\">\n\t\t\t\t\t\t\t<div class=\"elementor-spacer\">\n\t\t\t<div class=\"elementor-spacer-inner\"><\/div>\n\t\t<\/div>\n\t\t\t\t\t\t<\/div>\n\t\t\t\t<\/div>\n\t\t\t\t\t<\/div>\n\t\t<\/div>\n\t\t\t\t\t<\/div>\n\t\t<\/section>\n\t\t\t\t<section class=\"elementor-section elementor-top-section elementor-element elementor-element-5f7eba9 elementor-section-boxed elementor-section-height-default elementor-section-height-default default-style\" data-id=\"5f7eba9\" data-element_type=\"section\" data-e-type=\"section\" data-settings=\"{&quot;rt_color_sets&quot;:&quot;default-style&quot;}\">\n\t\t\t\t\t\t<div class=\"elementor-container elementor-column-gap-wide\">\n\t\t\t\t\t<div class=\"elementor-column elementor-col-100 elementor-top-column elementor-element elementor-element-5885544\" data-id=\"5885544\" data-element_type=\"column\" data-e-type=\"column\">\n\t\t\t<div class=\"elementor-widget-wrap elementor-element-populated\">\n\t\t\t\t\t\t<div class=\"elementor-element elementor-element-98d9f28 elementor-widget elementor-widget-heading\" data-id=\"98d9f28\" data-element_type=\"widget\" data-e-type=\"widget\" data-widget_type=\"heading.default\">\n\t\t\t\t<div class=\"elementor-widget-container\">\n\t\t\t\t\t<h2 class=\"elementor-heading-title elementor-size-default\">Jan M\u00f6ller i Hendrick Scholz<\/h2>\t\t\t\t<\/div>\n\t\t\t\t<\/div>\n\t\t\t\t<div class=\"elementor-element elementor-element-2349c58 elementor-widget elementor-widget-heading\" data-id=\"2349c58\" data-element_type=\"widget\" data-e-type=\"widget\" data-widget_type=\"heading.default\">\n\t\t\t\t<div class=\"elementor-widget-container\">\n\t\t\t\t\t<h3 class=\"elementor-heading-title elementor-size-default\">Przyjaciele z dzieci\u0144stwa - niezawodni, przyja\u017ani, dbaj\u0105cy o jako\u015b\u0107<\/h3>\t\t\t\t<\/div>\n\t\t\t\t<\/div>\n\t\t\t\t\t<\/div>\n\t\t<\/div>\n\t\t\t\t\t<\/div>\n\t\t<\/section>\n\t\t\t\t<section class=\"elementor-section elementor-top-section elementor-element elementor-element-8cc5b6e elementor-section-boxed elementor-section-height-default elementor-section-height-default default-style\" data-id=\"8cc5b6e\" data-element_type=\"section\" data-e-type=\"section\" data-settings=\"{&quot;rt_color_sets&quot;:&quot;default-style&quot;}\">\n\t\t\t\t\t\t<div class=\"elementor-container elementor-column-gap-wide\">\n\t\t\t\t\t<div class=\"elementor-column elementor-col-50 elementor-top-column elementor-element elementor-element-40ee9b4\" data-id=\"40ee9b4\" data-element_type=\"column\" data-e-type=\"column\">\n\t\t\t<div class=\"elementor-widget-wrap elementor-element-populated\">\n\t\t\t\t\t\t<div class=\"elementor-element elementor-element-3bb0fd6 elementor-widget elementor-widget-text-editor\" data-id=\"3bb0fd6\" data-element_type=\"widget\" data-e-type=\"widget\" data-widget_type=\"text-editor.default\">\n\t\t\t\t<div class=\"elementor-widget-container\">\n\t\t\t\t\t\t\t\t\t<p>Jan M\u00f6ller i Hendrick Scholz za\u0142o\u017cyli \u201eM\u00f6ller-Scholz GbR\u201d w Bad Oldesloe w 2013 roku i od tego czasu stale rozszerzali handel cz\u0119\u015bciami zamiennymi do autobus\u00f3w i ci\u0119\u017car\u00f3wek.<\/p><p>Za\u0142o\u017cyciele znaj\u0105 si\u0119 od dzieci\u0144stwa i dorastali jako dobrzy przyjaciele w tym samym miejscu. Obaj zawsze byli ambitni, zorientowani na cel i pracowici.<\/p><p>Przed za\u0142o\u017ceniem w\u0142asnej firmy Jan M\u00f6ller uko\u0144czy\u0142 z sukcesem praktyk\u0119 zawodow\u0105 jako technik mechatronik i pracowa\u0142 w tym zawodzie przez kilka lat. Hendrick Scholz jest absolwentem in\u017cynierii przemys\u0142owej.<\/p><p>Pewnego dnia sta\u0142o si\u0119 dla nich jasne, \u017ce jest du\u017ce zapotrzebowanie na cz\u0119\u015bci zamienne i \u017ce mieli mo\u017cliwo\u015b\u0107 demonta\u017cu autobus\u00f3w i oferowania cz\u0119\u015bci. Plany szybko nabra\u0142y kszta\u0142tu i tak zacz\u0119\u0142a si\u0119 \u201erze\u017a autobus\u00f3w\u201d. Asortyment cz\u0119\u015bci zamiennych stawa\u0142 si\u0119 coraz bardziej zr\u00f3\u017cnicowany i wi\u0119kszy, dzi\u0119ki czemu w 2014 roku zakupiono dzia\u0142k\u0119 z magazynem w Bad Oldesloe.<\/p><p>Od tego czasu przekonuj\u0105 swoj\u0105 niezawodno\u015bci\u0105, przyjazno\u015bci\u0105 i jako\u015bci\u0105.<\/p>\t\t\t\t\t\t\t\t<\/div>\n\t\t\t\t<\/div>\n\t\t\t\t\t<\/div>\n\t\t<\/div>\n\t\t\t\t<div class=\"elementor-column elementor-col-50 elementor-top-column elementor-element elementor-element-c80a620\" data-id=\"c80a620\" data-element_type=\"column\" data-e-type=\"column\">\n\t\t\t<div class=\"elementor-widget-wrap elementor-element-populated\">\n\t\t\t\t\t\t<div class=\"elementor-element elementor-element-67561a1 elementor-widget elementor-widget-image\" data-id=\"67561a1\" data-element_type=\"widget\" data-e-type=\"widget\" data-widget_type=\"image.default\">\n\t\t\t\t<div class=\"elementor-widget-container\">\n\t\t\t\t\t\t\t\t\t\t\t\t\t\t\t<img decoding=\"async\" src=\"https:\/\/moeller-scholz-gbr.de\/pl\/wp-content\/uploads\/sites\/6\/elementor\/thumbs\/Jan-Moeller-Hendrick-Scholz-Freunde-seit-Kindertagen-e1616063239586-pg3fpvohfkajrtsa6zdkf0lxlwgqcs7p0pmkqy9gzy.jpg\" title=\"Jan Moeller, Hendrick Scholz &#8211; Freunde seit Kindertagen\" alt=\"Jan Moeller, Hendrick Scholz - Freunde seit Kindertagen\" loading=\"lazy\" \/>\t\t\t\t\t\t\t\t\t\t\t\t\t\t\t<\/div>\n\t\t\t\t<\/div>\n\t\t\t\t<div class=\"elementor-element elementor-element-242de36 elementor-widget elementor-widget-text-editor\" data-id=\"242de36\" data-element_type=\"widget\" data-e-type=\"widget\" data-widget_type=\"text-editor.default\">\n\t\t\t\t<div class=\"elementor-widget-container\">\n\t\t\t\t\t\t\t\t\t<p>Hendrick Scholz i Jan M\u00f6ller\u00a0<\/p>\t\t\t\t\t\t\t\t<\/div>\n\t\t\t\t<\/div>\n\t\t\t\t\t<\/div>\n\t\t<\/div>\n\t\t\t\t\t<\/div>\n\t\t<\/section>\n\t\t\t\t<section class=\"elementor-section elementor-top-section elementor-element elementor-element-d00ac59 elementor-section-boxed elementor-section-height-default elementor-section-height-default default-style\" data-id=\"d00ac59\" data-element_type=\"section\" data-e-type=\"section\" data-settings=\"{&quot;rt_color_sets&quot;:&quot;default-style&quot;}\">\n\t\t\t\t\t\t<div class=\"elementor-container elementor-column-gap-default\">\n\t\t\t\t\t<div class=\"elementor-column elementor-col-100 elementor-top-column elementor-element elementor-element-31bcc2e\" data-id=\"31bcc2e\" data-element_type=\"column\" data-e-type=\"column\">\n\t\t\t<div class=\"elementor-widget-wrap elementor-element-populated\">\n\t\t\t\t\t\t<div class=\"elementor-element elementor-element-b47c123 elementor-widget elementor-widget-spacer\" data-id=\"b47c123\" data-element_type=\"widget\" data-e-type=\"widget\" data-widget_type=\"spacer.default\">\n\t\t\t\t<div class=\"elementor-widget-container\">\n\t\t\t\t\t\t\t<div class=\"elementor-spacer\">\n\t\t\t<div class=\"elementor-spacer-inner\"><\/div>\n\t\t<\/div>\n\t\t\t\t\t\t<\/div>\n\t\t\t\t<\/div>\n\t\t\t\t\t<\/div>\n\t\t<\/div>\n\t\t\t\t\t<\/div>\n\t\t<\/section>\n\t\t\t\t<\/div>\n\t\t","protected":false},"excerpt":{"rendered":"<p>O NAS M\u00f6ller-Scholz GbR Jan M\u00f6ller i Hendrick Scholz Przyjaciele z dzieci\u0144stwa &#8211; niezawodni, przyja\u017ani, dbaj\u0105cy o jako\u015b\u0107 Jan M\u00f6ller i Hendrick Scholz za\u0142o\u017cyli \u201eM\u00f6ller-Scholz GbR\u201d w Bad Oldesloe w 2013 roku i od tego czasu stale rozszerzali handel cz\u0119\u015bciami zamiennymi do autobus\u00f3w i ci\u0119\u017car\u00f3wek. Za\u0142o\u017cyciele znaj\u0105 si\u0119 od dzieci\u0144stwa i dorastali jako dobrzy przyjaciele [&hellip;]<\/p>\n","protected":false},"author":2,"featured_media":0,"parent":0,"menu_order":0,"comment_status":"closed","ping_status":"closed","template":"","meta":{"footnotes":""},"class_list":["post-428","page","type-page","status-publish","hentry"],"yoast_head":"<!-- This site is optimized with the Yoast SEO plugin v27.3 - https:\/\/yoast.com\/product\/yoast-seo-wordpress\/ -->\n<title>O NAS - M\u00f6ller Scholz GbR - Cz\u0119\u015bci do autobus\u00f3w i ci\u0119\u017car\u00f3wek<\/title>\n<meta name=\"description\" content=\"M\u00f6ller-Scholz: Jan M\u00f6ller i Hendrick Scholz od 2013 roku stale rozszerzaj\u0105 dzia\u0142alno\u015b\u0107 zwi\u0105zan\u0105 z cz\u0119\u015bciami zamiennymi do autobus\u00f3w i ci\u0119\u017car\u00f3wek.\" \/>\n<meta name=\"robots\" content=\"noindex, follow, max-snippet:-1, max-image-preview:large, max-video-preview:-1\" \/>\n<meta property=\"og:locale\" content=\"pl_PL\" \/>\n<meta property=\"og:type\" content=\"article\" \/>\n<meta property=\"og:title\" content=\"O NAS - M\u00f6ller Scholz GbR - Cz\u0119\u015bci do autobus\u00f3w i ci\u0119\u017car\u00f3wek\" \/>\n<meta property=\"og:description\" content=\"M\u00f6ller-Scholz: Jan M\u00f6ller i Hendrick Scholz od 2013 roku stale rozszerzaj\u0105 dzia\u0142alno\u015b\u0107 zwi\u0105zan\u0105 z cz\u0119\u015bciami zamiennymi do autobus\u00f3w i ci\u0119\u017car\u00f3wek.\" \/>\n<meta property=\"og:url\" content=\"https:\/\/moeller-scholz-gbr.de\/pl\/unser-team\/\" \/>\n<meta property=\"og:site_name\" content=\"M\u00d6LLER SCHOLZ GBR | PL\" \/>\n<meta property=\"article:modified_time\" content=\"2021-11-23T09:10:54+00:00\" \/>\n<meta property=\"og:image\" content=\"https:\/\/moeller-scholz-gbr.de\/pl\/wp-content\/uploads\/sites\/6\/elementor\/thumbs\/Jan-Moeller-Hendrick-Scholz-Freunde-seit-Kindertagen-e1616063239586-pg3fpvohfkajrtsa6zdkf0lxlwgqcs7p0pmkqy9h08.jpg\" \/>\n<meta name=\"twitter:card\" content=\"summary_large_image\" \/>\n<meta name=\"twitter:label1\" content=\"Szacowany czas czytania\" \/>\n\t<meta name=\"twitter:data1\" content=\"1 minuta\" \/>\n<script type=\"application\/ld+json\" class=\"yoast-schema-graph\">{\"@context\":\"https:\\\/\\\/schema.org\",\"@graph\":[{\"@type\":\"WebPage\",\"@id\":\"https:\\\/\\\/moeller-scholz-gbr.de\\\/pl\\\/unser-team\\\/\",\"url\":\"https:\\\/\\\/moeller-scholz-gbr.de\\\/pl\\\/unser-team\\\/\",\"name\":\"O NAS - M\u00f6ller Scholz GbR - Cz\u0119\u015bci do autobus\u00f3w i ci\u0119\u017car\u00f3wek\",\"isPartOf\":{\"@id\":\"https:\\\/\\\/moeller-scholz-gbr.de\\\/pl\\\/#website\"},\"primaryImageOfPage\":{\"@id\":\"https:\\\/\\\/moeller-scholz-gbr.de\\\/pl\\\/unser-team\\\/#primaryimage\"},\"image\":{\"@id\":\"https:\\\/\\\/moeller-scholz-gbr.de\\\/pl\\\/unser-team\\\/#primaryimage\"},\"thumbnailUrl\":\"https:\\\/\\\/moeller-scholz-gbr.de\\\/pl\\\/wp-content\\\/uploads\\\/sites\\\/6\\\/elementor\\\/thumbs\\\/Jan-Moeller-Hendrick-Scholz-Freunde-seit-Kindertagen-e1616063239586-pg3fpvohfkajrtsa6zdkf0lxlwgqcs7p0pmkqy9h08.jpg\",\"datePublished\":\"2021-03-02T16:03:35+00:00\",\"dateModified\":\"2021-11-23T09:10:54+00:00\",\"description\":\"M\u00f6ller-Scholz: Jan M\u00f6ller i Hendrick Scholz od 2013 roku stale rozszerzaj\u0105 dzia\u0142alno\u015b\u0107 zwi\u0105zan\u0105 z cz\u0119\u015bciami zamiennymi do autobus\u00f3w i ci\u0119\u017car\u00f3wek.\",\"breadcrumb\":{\"@id\":\"https:\\\/\\\/moeller-scholz-gbr.de\\\/pl\\\/unser-team\\\/#breadcrumb\"},\"inLanguage\":\"pl-PL\",\"potentialAction\":[{\"@type\":\"ReadAction\",\"target\":[\"https:\\\/\\\/moeller-scholz-gbr.de\\\/pl\\\/unser-team\\\/\"]}]},{\"@type\":\"ImageObject\",\"inLanguage\":\"pl-PL\",\"@id\":\"https:\\\/\\\/moeller-scholz-gbr.de\\\/pl\\\/unser-team\\\/#primaryimage\",\"url\":\"https:\\\/\\\/moeller-scholz-gbr.de\\\/pl\\\/wp-content\\\/uploads\\\/sites\\\/6\\\/elementor\\\/thumbs\\\/Jan-Moeller-Hendrick-Scholz-Freunde-seit-Kindertagen-e1616063239586-pg3fpvohfkajrtsa6zdkf0lxlwgqcs7p0pmkqy9h08.jpg\",\"contentUrl\":\"https:\\\/\\\/moeller-scholz-gbr.de\\\/pl\\\/wp-content\\\/uploads\\\/sites\\\/6\\\/elementor\\\/thumbs\\\/Jan-Moeller-Hendrick-Scholz-Freunde-seit-Kindertagen-e1616063239586-pg3fpvohfkajrtsa6zdkf0lxlwgqcs7p0pmkqy9h08.jpg\"},{\"@type\":\"BreadcrumbList\",\"@id\":\"https:\\\/\\\/moeller-scholz-gbr.de\\\/pl\\\/unser-team\\\/#breadcrumb\",\"itemListElement\":[{\"@type\":\"ListItem\",\"position\":1,\"name\":\"Startseite\",\"item\":\"https:\\\/\\\/moeller-scholz-gbr.de\\\/pl\\\/\"},{\"@type\":\"ListItem\",\"position\":2,\"name\":\"O NAS\"}]},{\"@type\":\"WebSite\",\"@id\":\"https:\\\/\\\/moeller-scholz-gbr.de\\\/pl\\\/#website\",\"url\":\"https:\\\/\\\/moeller-scholz-gbr.de\\\/pl\\\/\",\"name\":\"M\u00d6LLER SCHOLZ GBR | PL\",\"description\":\"Bus &amp; Truck Parts\",\"potentialAction\":[{\"@type\":\"SearchAction\",\"target\":{\"@type\":\"EntryPoint\",\"urlTemplate\":\"https:\\\/\\\/moeller-scholz-gbr.de\\\/pl\\\/?s={search_term_string}\"},\"query-input\":{\"@type\":\"PropertyValueSpecification\",\"valueRequired\":true,\"valueName\":\"search_term_string\"}}],\"inLanguage\":\"pl-PL\"}]}<\/script>\n<!-- \/ Yoast SEO plugin. -->","yoast_head_json":{"title":"O NAS - M\u00f6ller Scholz GbR - Cz\u0119\u015bci do autobus\u00f3w i ci\u0119\u017car\u00f3wek","description":"M\u00f6ller-Scholz: Jan M\u00f6ller i Hendrick Scholz od 2013 roku stale rozszerzaj\u0105 dzia\u0142alno\u015b\u0107 zwi\u0105zan\u0105 z cz\u0119\u015bciami zamiennymi do autobus\u00f3w i ci\u0119\u017car\u00f3wek.","robots":{"index":"noindex","follow":"follow","max-snippet":"max-snippet:-1","max-image-preview":"max-image-preview:large","max-video-preview":"max-video-preview:-1"},"og_locale":"pl_PL","og_type":"article","og_title":"O NAS - M\u00f6ller Scholz GbR - Cz\u0119\u015bci do autobus\u00f3w i ci\u0119\u017car\u00f3wek","og_description":"M\u00f6ller-Scholz: Jan M\u00f6ller i Hendrick Scholz od 2013 roku stale rozszerzaj\u0105 dzia\u0142alno\u015b\u0107 zwi\u0105zan\u0105 z cz\u0119\u015bciami zamiennymi do autobus\u00f3w i ci\u0119\u017car\u00f3wek.","og_url":"https:\/\/moeller-scholz-gbr.de\/pl\/unser-team\/","og_site_name":"M\u00d6LLER SCHOLZ GBR | PL","article_modified_time":"2021-11-23T09:10:54+00:00","og_image":[{"url":"https:\/\/moeller-scholz-gbr.de\/pl\/wp-content\/uploads\/sites\/6\/elementor\/thumbs\/Jan-Moeller-Hendrick-Scholz-Freunde-seit-Kindertagen-e1616063239586-pg3fpvohfkajrtsa6zdkf0lxlwgqcs7p0pmkqy9h08.jpg","type":"","width":"","height":""}],"twitter_card":"summary_large_image","twitter_misc":{"Szacowany czas czytania":"1 minuta"},"schema":{"@context":"https:\/\/schema.org","@graph":[{"@type":"WebPage","@id":"https:\/\/moeller-scholz-gbr.de\/pl\/unser-team\/","url":"https:\/\/moeller-scholz-gbr.de\/pl\/unser-team\/","name":"O NAS - M\u00f6ller Scholz GbR - Cz\u0119\u015bci do autobus\u00f3w i ci\u0119\u017car\u00f3wek","isPartOf":{"@id":"https:\/\/moeller-scholz-gbr.de\/pl\/#website"},"primaryImageOfPage":{"@id":"https:\/\/moeller-scholz-gbr.de\/pl\/unser-team\/#primaryimage"},"image":{"@id":"https:\/\/moeller-scholz-gbr.de\/pl\/unser-team\/#primaryimage"},"thumbnailUrl":"https:\/\/moeller-scholz-gbr.de\/pl\/wp-content\/uploads\/sites\/6\/elementor\/thumbs\/Jan-Moeller-Hendrick-Scholz-Freunde-seit-Kindertagen-e1616063239586-pg3fpvohfkajrtsa6zdkf0lxlwgqcs7p0pmkqy9h08.jpg","datePublished":"2021-03-02T16:03:35+00:00","dateModified":"2021-11-23T09:10:54+00:00","description":"M\u00f6ller-Scholz: Jan M\u00f6ller i Hendrick Scholz od 2013 roku stale rozszerzaj\u0105 dzia\u0142alno\u015b\u0107 zwi\u0105zan\u0105 z cz\u0119\u015bciami zamiennymi do autobus\u00f3w i ci\u0119\u017car\u00f3wek.","breadcrumb":{"@id":"https:\/\/moeller-scholz-gbr.de\/pl\/unser-team\/#breadcrumb"},"inLanguage":"pl-PL","potentialAction":[{"@type":"ReadAction","target":["https:\/\/moeller-scholz-gbr.de\/pl\/unser-team\/"]}]},{"@type":"ImageObject","inLanguage":"pl-PL","@id":"https:\/\/moeller-scholz-gbr.de\/pl\/unser-team\/#primaryimage","url":"https:\/\/moeller-scholz-gbr.de\/pl\/wp-content\/uploads\/sites\/6\/elementor\/thumbs\/Jan-Moeller-Hendrick-Scholz-Freunde-seit-Kindertagen-e1616063239586-pg3fpvohfkajrtsa6zdkf0lxlwgqcs7p0pmkqy9h08.jpg","contentUrl":"https:\/\/moeller-scholz-gbr.de\/pl\/wp-content\/uploads\/sites\/6\/elementor\/thumbs\/Jan-Moeller-Hendrick-Scholz-Freunde-seit-Kindertagen-e1616063239586-pg3fpvohfkajrtsa6zdkf0lxlwgqcs7p0pmkqy9h08.jpg"},{"@type":"BreadcrumbList","@id":"https:\/\/moeller-scholz-gbr.de\/pl\/unser-team\/#breadcrumb","itemListElement":[{"@type":"ListItem","position":1,"name":"Startseite","item":"https:\/\/moeller-scholz-gbr.de\/pl\/"},{"@type":"ListItem","position":2,"name":"O NAS"}]},{"@type":"WebSite","@id":"https:\/\/moeller-scholz-gbr.de\/pl\/#website","url":"https:\/\/moeller-scholz-gbr.de\/pl\/","name":"M\u00d6LLER SCHOLZ GBR | PL","description":"Bus &amp; Truck Parts","potentialAction":[{"@type":"SearchAction","target":{"@type":"EntryPoint","urlTemplate":"https:\/\/moeller-scholz-gbr.de\/pl\/?s={search_term_string}"},"query-input":{"@type":"PropertyValueSpecification","valueRequired":true,"valueName":"search_term_string"}}],"inLanguage":"pl-PL"}]}},"_links":{"self":[{"href":"https:\/\/moeller-scholz-gbr.de\/pl\/wp-json\/wp\/v2\/pages\/428","targetHints":{"allow":["GET"]}}],"collection":[{"href":"https:\/\/moeller-scholz-gbr.de\/pl\/wp-json\/wp\/v2\/pages"}],"about":[{"href":"https:\/\/moeller-scholz-gbr.de\/pl\/wp-json\/wp\/v2\/types\/page"}],"author":[{"embeddable":true,"href":"https:\/\/moeller-scholz-gbr.de\/pl\/wp-json\/wp\/v2\/users\/2"}],"replies":[{"embeddable":true,"href":"https:\/\/moeller-scholz-gbr.de\/pl\/wp-json\/wp\/v2\/comments?post=428"}],"version-history":[{"count":90,"href":"https:\/\/moeller-scholz-gbr.de\/pl\/wp-json\/wp\/v2\/pages\/428\/revisions"}],"predecessor-version":[{"id":1951,"href":"https:\/\/moeller-scholz-gbr.de\/pl\/wp-json\/wp\/v2\/pages\/428\/revisions\/1951"}],"wp:attachment":[{"href":"https:\/\/moeller-scholz-gbr.de\/pl\/wp-json\/wp\/v2\/media?parent=428"}],"curies":[{"name":"wp","href":"https:\/\/api.w.org\/{rel}","templated":true}]}}